{"id":770,"date":"2023-10-20T16:35:08","date_gmt":"2023-10-20T21:35:08","guid":{"rendered":"https:\/\/cristochurchnona.org\/?page_id=770"},"modified":"2024-04-19T12:26:01","modified_gmt":"2024-04-19T17:26:01","slug":"escuela-dominical","status":"publish","type":"page","link":"https:\/\/cristochurchnona.org\/es\/escuela-dominical\/","title":{"rendered":"Escuela Dominical"},"content":{"rendered":"<div data-elementor-type=\"wp-page\" data-elementor-id=\"770\" class=\"elementor elementor-770\">\n\t\t\t\t\t\t<section class=\"elementor-section elementor-top-section elementor-element elementor-element-7654b20 elementor-section-height-min-height elementor-section-content-bottom elementor-section-items-bottom elementor-section-boxed elementor-section-height-default\" data-id=\"7654b20\" data-element_type=\"section\" data-e-type=\"section\" data-settings=\"{&quot;background_background&quot;:&quot;classic&quot;}\">\n\t\t\t\t\t\t\t<div class=\"elementor-background-overlay\"><\/div>\n\t\t\t\t\t\t\t<div class=\"elementor-container elementor-column-gap-no\">\n\t\t\t\t\t<div class=\"elementor-column elementor-col-100 elementor-top-column elementor-element elementor-element-84ecc6e\" data-id=\"84ecc6e\" data-element_type=\"column\" data-e-type=\"column\">\n\t\t\t<div class=\"elementor-widget-wrap elementor-element-populated\">\n\t\t\t\t\t\t<div class=\"elementor-element elementor-element-5a51642 elementor-widget elementor-widget-heading\" data-id=\"5a51642\" data-element_type=\"widget\" data-e-type=\"widget\" data-widget_type=\"heading.default\">\n\t\t\t\t<div class=\"elementor-widget-container\">\n\t\t\t\t\t<h6 class=\"elementor-heading-title elementor-size-default\">MINISTERIO DE NI\u00d1OS<\/h6>\t\t\t\t<\/div>\n\t\t\t\t<\/div>\n\t\t\t\t<div class=\"elementor-element elementor-element-6b189d5 elementor-widget elementor-widget-heading\" data-id=\"6b189d5\" data-element_type=\"widget\" data-e-type=\"widget\" data-widget_type=\"heading.default\">\n\t\t\t\t<div class=\"elementor-widget-container\">\n\t\t\t\t\t<h1 class=\"elementor-heading-title elementor-size-default\">Escuelita Dominical<\/h1>\t\t\t\t<\/div>\n\t\t\t\t<\/div>\n\t\t\t\t\t<\/div>\n\t\t<\/div>\n\t\t\t\t\t<\/div>\n\t\t<\/section>\n\t\t\t\t<section class=\"elementor-section elementor-top-section elementor-element elementor-element-add0515 elementor-section-boxed elementor-section-height-default elementor-section-height-default\" data-id=\"add0515\" data-element_type=\"section\" data-e-type=\"section\" data-settings=\"{&quot;background_background&quot;:&quot;classic&quot;}\">\n\t\t\t\t\t\t\t<div class=\"elementor-background-overlay\"><\/div>\n\t\t\t\t\t\t\t<div class=\"elementor-container elementor-column-gap-no\">\n\t\t\t\t\t<div class=\"elementor-column elementor-col-100 elementor-top-column elementor-element elementor-element-2a09f1b\" data-id=\"2a09f1b\" data-element_type=\"column\" data-e-type=\"column\">\n\t\t\t<div class=\"elementor-widget-wrap elementor-element-populated\">\n\t\t\t\t\t\t<div class=\"elementor-element elementor-element-fc89d7c elementor-widget elementor-widget-heading\" data-id=\"fc89d7c\" data-element_type=\"widget\" data-e-type=\"widget\" data-widget_type=\"heading.default\">\n\t\t\t\t<div class=\"elementor-widget-container\">\n\t\t\t\t\t<h3 class=\"elementor-heading-title elementor-size-default\">\u201cInstruye al ni\u00f1o en su camino, <br>\nY aun cuando fuere viejo no se apartar\u00e1 de \u00e9l.\u201d\n<br>\n-Proverbios 22:6<\/h3>\t\t\t\t<\/div>\n\t\t\t\t<\/div>\n\t\t\t\t<div class=\"elementor-element elementor-element-9410008 elementor-widget-divider--view-line elementor-widget elementor-widget-divider\" data-id=\"9410008\" data-element_type=\"widget\" data-e-type=\"widget\" data-widget_type=\"divider.default\">\n\t\t\t\t<div class=\"elementor-widget-container\">\n\t\t\t\t\t\t\t<div class=\"elementor-divider\">\n\t\t\t<span class=\"elementor-divider-separator\">\n\t\t\t\t\t\t<\/span>\n\t\t<\/div>\n\t\t\t\t\t\t<\/div>\n\t\t\t\t<\/div>\n\t\t\t\t<section class=\"elementor-section elementor-inner-section elementor-element elementor-element-22aafbd elementor-section-boxed elementor-section-height-default elementor-section-height-default\" data-id=\"22aafbd\" data-element_type=\"section\" data-e-type=\"section\">\n\t\t\t\t\t\t<div class=\"elementor-container elementor-column-gap-no\">\n\t\t\t\t\t<div class=\"elementor-column elementor-col-50 elementor-inner-column elementor-element elementor-element-cf50e0e\" data-id=\"cf50e0e\" data-element_type=\"column\" data-e-type=\"column\">\n\t\t\t<div class=\"elementor-widget-wrap elementor-element-populated\">\n\t\t\t\t\t\t<div class=\"elementor-element elementor-element-7647504 elementor-widget elementor-widget-image\" data-id=\"7647504\" data-element_type=\"widget\" data-e-type=\"widget\" data-widget_type=\"image.default\">\n\t\t\t\t<div class=\"elementor-widget-container\">\n\t\t\t\t\t\t\t\t\t\t\t\t\t\t\t<img fetchpriority=\"high\" decoding=\"async\" width=\"600\" height=\"848\" src=\"https:\/\/cristochurchnona.org\/wp-content\/uploads\/2023\/10\/escuela-dominical-7-1-1.jpg\" class=\"attachment-large size-large wp-image-1016\" alt=\"\" srcset=\"https:\/\/cristochurchnona.org\/wp-content\/uploads\/2023\/10\/escuela-dominical-7-1-1.jpg 600w, https:\/\/cristochurchnona.org\/wp-content\/uploads\/2023\/10\/escuela-dominical-7-1-1-212x300.jpg 212w, https:\/\/cristochurchnona.org\/wp-content\/uploads\/2023\/10\/escuela-dominical-7-1-1-8x12.jpg 8w\" sizes=\"(max-width: 600px) 100vw, 600px\" \/>\t\t\t\t\t\t\t\t\t\t\t\t\t\t\t<\/div>\n\t\t\t\t<\/div>\n\t\t\t\t\t<\/div>\n\t\t<\/div>\n\t\t\t\t<div class=\"elementor-column elementor-col-50 elementor-inner-column elementor-element elementor-element-9ba22c9\" data-id=\"9ba22c9\" data-element_type=\"column\" data-e-type=\"column\">\n\t\t\t<div class=\"elementor-widget-wrap elementor-element-populated\">\n\t\t\t\t\t\t<div class=\"elementor-element elementor-element-550a74e elementor-widget elementor-widget-text-editor\" data-id=\"550a74e\" data-element_type=\"widget\" data-e-type=\"widget\" data-widget_type=\"text-editor.default\">\n\t\t\t\t<div class=\"elementor-widget-container\">\n\t\t\t\t\t\t\t\t\t<p><span style=\"font-weight: 400;\">La iglesia Cristo Church est\u00e1 comprometida con la ense\u00f1anza de la Palabra de Dios desde los m\u00e1s peque\u00f1os hasta los m\u00e1s grandes. Creemos que las Sagradas Escrituras dar\u00e1n a los ni\u00f1os la sabidur\u00eda y el temor de Dios que pueden conducir a la Salvaci\u00f3n a trav\u00e9s de la Obra del Esp\u00edritu Santo.<\/span><\/p><p><strong>Cada domingo durante la pr\u00e9dica, los ni\u00f1os entre 2 y 12 a\u00f1os salen a la Escuelita Dominical para aprender de Dios y de su Palabra. De acuerdo a las necesidades de cada grupo, los ni\u00f1os son ense\u00f1ados usando todo el consejo de Dios con el prop\u00f3sito de que con cada ense\u00f1anza e historia puedan entender que toda la Biblia habla de un s\u00f3lo tema: El amoroso plan de Salvaci\u00f3n de Dios a trav\u00e9s de su Hijo Jesucristo.\u00a0<\/strong><\/p><p><span style=\"font-weight: 400;\">A trav\u00e9s de clases adaptadas y din\u00e1micas, los ni\u00f1os son ense\u00f1ados sobre los atributos de Dios, la condici\u00f3n del hombre pecador, la persona y obra de Jesucristo, la obra Salvadora de la cruz, historias b\u00edblicas y personajes del Antiguo Testamento, la obediencia a los mandamientos de Jes\u00fas, entre muchos otros temas. Todo con el objetivo de que Dios pueda usar estas ense\u00f1anzas para traer Salvaci\u00f3n y vida eterna a estas peque\u00f1as almas.\u00a0<\/span><\/p>\t\t\t\t\t\t\t\t<\/div>\n\t\t\t\t<\/div>\n\t\t\t\t<div class=\"elementor-element elementor-element-9b9a42b elementor-widget elementor-widget-button\" data-id=\"9b9a42b\" data-element_type=\"widget\" data-e-type=\"widget\" data-widget_type=\"button.default\">\n\t\t\t\t<div class=\"elementor-widget-container\">\n\t\t\t\t\t\t\t\t\t<div class=\"elementor-button-wrapper\">\n\t\t\t\t\t<a class=\"elementor-button elementor-button-link elementor-size-sm\" href=\"https:\/\/cristochurchnona.org\/es\/CONTACT\/\">\n\t\t\t\t\t\t<span class=\"elementor-button-content-wrapper\">\n\t\t\t\t\t\t\t\t\t<span class=\"elementor-button-text\">VIS\u00cdTANOS<\/span>\n\t\t\t\t\t<\/span>\n\t\t\t\t\t<\/a>\n\t\t\t\t<\/div>\n\t\t\t\t\t\t\t\t<\/div>\n\t\t\t\t<\/div>\n\t\t\t\t\t<\/div>\n\t\t<\/div>\n\t\t\t\t\t<\/div>\n\t\t<\/section>\n\t\t\t\t\t<\/div>\n\t\t<\/div>\n\t\t\t\t\t<\/div>\n\t\t<\/section>\n\t\t\t\t<section class=\"elementor-section elementor-top-section elementor-element elementor-element-2ab0110 elementor-section-height-min-height elementor-section-boxed elementor-section-height-default elementor-section-items-middle\" data-id=\"2ab0110\" data-element_type=\"section\" data-e-type=\"section\" data-settings=\"{&quot;background_background&quot;:&quot;classic&quot;}\">\n\t\t\t\t\t\t\t<div class=\"elementor-background-overlay\"><\/div>\n\t\t\t\t\t\t\t<div class=\"elementor-container elementor-column-gap-no\">\n\t\t\t\t\t<div class=\"elementor-column elementor-col-100 elementor-top-column elementor-element elementor-element-2a62bc4\" data-id=\"2a62bc4\" data-element_type=\"column\" data-e-type=\"column\" data-settings=\"{&quot;background_background&quot;:&quot;classic&quot;}\">\n\t\t\t<div class=\"elementor-widget-wrap elementor-element-populated\">\n\t\t\t\t\t\t<div class=\"elementor-element elementor-element-95dfbba elementor-widget elementor-widget-heading\" data-id=\"95dfbba\" data-element_type=\"widget\" data-e-type=\"widget\" data-widget_type=\"heading.default\">\n\t\t\t\t<div class=\"elementor-widget-container\">\n\t\t\t\t\t<h3 class=\"elementor-heading-title elementor-size-default\">\u201cy que desde la ni\u00f1ez has sabido las Sagradas Escrituras, las cuales te pueden hacer sabio para la salvaci\u00f3n por la fe que es en Cristo Jes\u00fas\u201d \n<\/h3>\t\t\t\t<\/div>\n\t\t\t\t<\/div>\n\t\t\t\t<div class=\"elementor-element elementor-element-c66c01b elementor-widget elementor-widget-heading\" data-id=\"c66c01b\" data-element_type=\"widget\" data-e-type=\"widget\" data-widget_type=\"heading.default\">\n\t\t\t\t<div class=\"elementor-widget-container\">\n\t\t\t\t\t<h5 class=\"elementor-heading-title elementor-size-default\">2 Timoteo 3:15\n<\/h5>\t\t\t\t<\/div>\n\t\t\t\t<\/div>\n\t\t\t\t<div class=\"elementor-element elementor-element-a987502 elementor-widget-divider--view-line elementor-widget elementor-widget-divider\" data-id=\"a987502\" data-element_type=\"widget\" data-e-type=\"widget\" data-widget_type=\"divider.default\">\n\t\t\t\t<div class=\"elementor-widget-container\">\n\t\t\t\t\t\t\t<div class=\"elementor-divider\">\n\t\t\t<span class=\"elementor-divider-separator\">\n\t\t\t\t\t\t<\/span>\n\t\t<\/div>\n\t\t\t\t\t\t<\/div>\n\t\t\t\t<\/div>\n\t\t\t\t\t<\/div>\n\t\t<\/div>\n\t\t\t\t\t<\/div>\n\t\t<\/section>\n\t\t\t\t<\/div>","protected":false},"excerpt":{"rendered":"<p>MINISTERIO DE NI\u00d1OS Escuelita Dominical \u201cInstruye al ni\u00f1o en su camino, Y aun cuando fuere viejo no se apartar\u00e1 de \u00e9l.\u201d -Proverbios 22:6 La iglesia Cristo Church est\u00e1 comprometida con la ense\u00f1anza de la Palabra de Dios desde los m\u00e1s peque\u00f1os hasta los m\u00e1s grandes. Creemos que las Sagradas Escrituras dar\u00e1n a los ni\u00f1os la [&hellip;]<\/p>\n","protected":false},"author":3,"featured_media":0,"parent":0,"menu_order":0,"comment_status":"closed","ping_status":"closed","template":"","meta":{"inline_featured_image":false,"site-sidebar-layout":"no-sidebar","site-content-layout":"page-builder","ast-site-content-layout":"","site-content-style":"default","site-sidebar-style":"default","ast-global-header-display":"","ast-banner-title-visibility":"","ast-main-header-display":"","ast-hfb-above-header-display":"","ast-hfb-below-header-display":"","ast-hfb-mobile-header-display":"","site-post-title":"disabled","ast-breadcrumbs-content":"disabled","ast-featured-img":"disabled","footer-sml-layout":"","theme-transparent-header-meta":"enabled","adv-header-id-meta":"","stick-header-meta":"","header-above-stick-meta":"","header-main-stick-meta":"","header-below-stick-meta":"","astra-migrate-meta-layouts":"default","ast-page-background-enabled":"default","ast-page-background-meta":{"desktop":{"background-color":"","background-image":"","background-repeat":"repeat","background-position":"center center","background-size":"auto","background-attachment":"scroll","background-type":"","background-media":"","overlay-type":"","overlay-color":"","overlay-gradient":""},"tablet":{"background-color":"","background-image":"","background-repeat":"repeat","background-position":"center center","background-size":"auto","background-attachment":"scroll","background-type":"","background-media":"","overlay-type":"","overlay-color":"","overlay-gradient":""},"mobile":{"background-color":"","background-image":"","background-repeat":"repeat","background-position":"center center","background-size":"auto","background-attachment":"scroll","background-type":"","background-media":"","overlay-type":"","overlay-color":"","overlay-gradient":""}},"ast-content-background-meta":{"desktop":{"background-color":"var(--ast-global-color-5)","background-image":"","background-repeat":"repeat","background-position":"center center","background-size":"auto","background-attachment":"scroll","background-type":"","background-media":"","overlay-type":"","overlay-color":"","overlay-gradient":""},"tablet":{"background-color":"var(--ast-global-color-5)","background-image":"","background-repeat":"repeat","background-position":"center center","background-size":"auto","background-attachment":"scroll","background-type":"","background-media":"","overlay-type":"","overlay-color":"","overlay-gradient":""},"mobile":{"background-color":"var(--ast-global-color-5)","background-image":"","background-repeat":"repeat","background-position":"center center","background-size":"auto","background-attachment":"scroll","background-type":"","background-media":"","overlay-type":"","overlay-color":"","overlay-gradient":""}},"_themeisle_gutenberg_block_has_review":false,"footnotes":""},"class_list":["post-770","page","type-page","status-publish","hentry"],"yoast_head":"<!-- This site is optimized with the Yoast SEO plugin v27.4 - https:\/\/yoast.com\/product\/yoast-seo-wordpress\/ -->\n<title>Escuela Dominical - Cristo Church<\/title>\n<meta name=\"robots\" content=\"index, follow, max-snippet:-1, max-image-preview:large, max-video-preview:-1\" \/>\n<link rel=\"canonical\" href=\"https:\/\/cristochurchnona.org\/es\/escuela-dominical\/\" \/>\n<meta property=\"og:locale\" content=\"es_ES\" \/>\n<meta property=\"og:type\" content=\"article\" \/>\n<meta property=\"og:title\" content=\"Escuela Dominical - Cristo Church\" \/>\n<meta property=\"og:description\" content=\"MINISTERIO DE NI\u00d1OS Escuelita Dominical \u201cInstruye al ni\u00f1o en su camino, Y aun cuando fuere viejo no se apartar\u00e1 de \u00e9l.\u201d -Proverbios 22:6 La iglesia Cristo Church est\u00e1 comprometida con la ense\u00f1anza de la Palabra de Dios desde los m\u00e1s peque\u00f1os hasta los m\u00e1s grandes. Creemos que las Sagradas Escrituras dar\u00e1n a los ni\u00f1os la [&hellip;]\" \/>\n<meta property=\"og:url\" content=\"https:\/\/cristochurchnona.org\/es\/escuela-dominical\/\" \/>\n<meta property=\"og:site_name\" content=\"Cristo Church\" \/>\n<meta property=\"article:modified_time\" content=\"2024-04-19T17:26:01+00:00\" \/>\n<meta property=\"og:image\" content=\"https:\/\/cristochurchnona.org\/wp-content\/uploads\/2023\/10\/escuela-dominical-7-1-1.jpg\" \/>\n<meta name=\"twitter:card\" content=\"summary_large_image\" \/>\n<meta name=\"twitter:label1\" content=\"Tiempo de lectura\" \/>\n\t<meta name=\"twitter:data1\" content=\"2 minutos\" \/>\n<script type=\"application\/ld+json\" class=\"yoast-schema-graph\">{\"@context\":\"https:\\\/\\\/schema.org\",\"@graph\":[{\"@type\":\"WebPage\",\"@id\":\"https:\\\/\\\/cristochurchnona.org\\\/escuela-dominical\\\/\",\"url\":\"https:\\\/\\\/cristochurchnona.org\\\/escuela-dominical\\\/\",\"name\":\"Escuela Dominical - Cristo Church\",\"isPartOf\":{\"@id\":\"https:\\\/\\\/cristochurchnona.org\\\/#website\"},\"primaryImageOfPage\":{\"@id\":\"https:\\\/\\\/cristochurchnona.org\\\/escuela-dominical\\\/#primaryimage\"},\"image\":{\"@id\":\"https:\\\/\\\/cristochurchnona.org\\\/escuela-dominical\\\/#primaryimage\"},\"thumbnailUrl\":\"https:\\\/\\\/cristochurchnona.org\\\/wp-content\\\/uploads\\\/2023\\\/10\\\/escuela-dominical-7-1-1.jpg\",\"datePublished\":\"2023-10-20T21:35:08+00:00\",\"dateModified\":\"2024-04-19T17:26:01+00:00\",\"breadcrumb\":{\"@id\":\"https:\\\/\\\/cristochurchnona.org\\\/escuela-dominical\\\/#breadcrumb\"},\"inLanguage\":\"es\",\"potentialAction\":[{\"@type\":\"ReadAction\",\"target\":[\"https:\\\/\\\/cristochurchnona.org\\\/escuela-dominical\\\/\"]}]},{\"@type\":\"ImageObject\",\"inLanguage\":\"es\",\"@id\":\"https:\\\/\\\/cristochurchnona.org\\\/escuela-dominical\\\/#primaryimage\",\"url\":\"https:\\\/\\\/cristochurchnona.org\\\/wp-content\\\/uploads\\\/2023\\\/10\\\/escuela-dominical-7-1-1.jpg\",\"contentUrl\":\"https:\\\/\\\/cristochurchnona.org\\\/wp-content\\\/uploads\\\/2023\\\/10\\\/escuela-dominical-7-1-1.jpg\"},{\"@type\":\"BreadcrumbList\",\"@id\":\"https:\\\/\\\/cristochurchnona.org\\\/escuela-dominical\\\/#breadcrumb\",\"itemListElement\":[{\"@type\":\"ListItem\",\"position\":1,\"name\":\"Home\",\"item\":\"https:\\\/\\\/cristochurchnona.org\\\/\"},{\"@type\":\"ListItem\",\"position\":2,\"name\":\"Escuela Dominical\"}]},{\"@type\":\"WebSite\",\"@id\":\"https:\\\/\\\/cristochurchnona.org\\\/#website\",\"url\":\"https:\\\/\\\/cristochurchnona.org\\\/\",\"name\":\"Cristo Church\",\"description\":\"\",\"publisher\":{\"@id\":\"https:\\\/\\\/cristochurchnona.org\\\/#organization\"},\"potentialAction\":[{\"@type\":\"SearchAction\",\"target\":{\"@type\":\"EntryPoint\",\"urlTemplate\":\"https:\\\/\\\/cristochurchnona.org\\\/?s={search_term_string}\"},\"query-input\":{\"@type\":\"PropertyValueSpecification\",\"valueRequired\":true,\"valueName\":\"search_term_string\"}}],\"inLanguage\":\"es\"},{\"@type\":\"Organization\",\"@id\":\"https:\\\/\\\/cristochurchnona.org\\\/#organization\",\"name\":\"Cristo Church\",\"url\":\"https:\\\/\\\/cristochurchnona.org\\\/\",\"logo\":{\"@type\":\"ImageObject\",\"inLanguage\":\"es\",\"@id\":\"https:\\\/\\\/cristochurchnona.org\\\/#\\\/schema\\\/logo\\\/image\\\/\",\"url\":\"https:\\\/\\\/cristochurchnona.org\\\/wp-content\\\/uploads\\\/2023\\\/08\\\/LogoCristoChurch.png\",\"contentUrl\":\"https:\\\/\\\/cristochurchnona.org\\\/wp-content\\\/uploads\\\/2023\\\/08\\\/LogoCristoChurch.png\",\"width\":600,\"height\":228,\"caption\":\"Cristo Church\"},\"image\":{\"@id\":\"https:\\\/\\\/cristochurchnona.org\\\/#\\\/schema\\\/logo\\\/image\\\/\"}}]}<\/script>\n<!-- \/ Yoast SEO plugin. -->","yoast_head_json":{"title":"Escuela Dominical - Cristo Church","robots":{"index":"index","follow":"follow","max-snippet":"max-snippet:-1","max-image-preview":"max-image-preview:large","max-video-preview":"max-video-preview:-1"},"canonical":"https:\/\/cristochurchnona.org\/es\/escuela-dominical\/","og_locale":"es_ES","og_type":"article","og_title":"Escuela Dominical - Cristo Church","og_description":"MINISTERIO DE NI\u00d1OS Escuelita Dominical \u201cInstruye al ni\u00f1o en su camino, Y aun cuando fuere viejo no se apartar\u00e1 de \u00e9l.\u201d -Proverbios 22:6 La iglesia Cristo Church est\u00e1 comprometida con la ense\u00f1anza de la Palabra de Dios desde los m\u00e1s peque\u00f1os hasta los m\u00e1s grandes. Creemos que las Sagradas Escrituras dar\u00e1n a los ni\u00f1os la [&hellip;]","og_url":"https:\/\/cristochurchnona.org\/es\/escuela-dominical\/","og_site_name":"Cristo Church","article_modified_time":"2024-04-19T17:26:01+00:00","og_image":[{"url":"https:\/\/cristochurchnona.org\/wp-content\/uploads\/2023\/10\/escuela-dominical-7-1-1.jpg","type":"","width":"","height":""}],"twitter_card":"summary_large_image","twitter_misc":{"Tiempo de lectura":"2 minutos"},"schema":{"@context":"https:\/\/schema.org","@graph":[{"@type":"WebPage","@id":"https:\/\/cristochurchnona.org\/escuela-dominical\/","url":"https:\/\/cristochurchnona.org\/escuela-dominical\/","name":"Escuela Dominical - Cristo Church","isPartOf":{"@id":"https:\/\/cristochurchnona.org\/#website"},"primaryImageOfPage":{"@id":"https:\/\/cristochurchnona.org\/escuela-dominical\/#primaryimage"},"image":{"@id":"https:\/\/cristochurchnona.org\/escuela-dominical\/#primaryimage"},"thumbnailUrl":"https:\/\/cristochurchnona.org\/wp-content\/uploads\/2023\/10\/escuela-dominical-7-1-1.jpg","datePublished":"2023-10-20T21:35:08+00:00","dateModified":"2024-04-19T17:26:01+00:00","breadcrumb":{"@id":"https:\/\/cristochurchnona.org\/escuela-dominical\/#breadcrumb"},"inLanguage":"es","potentialAction":[{"@type":"ReadAction","target":["https:\/\/cristochurchnona.org\/escuela-dominical\/"]}]},{"@type":"ImageObject","inLanguage":"es","@id":"https:\/\/cristochurchnona.org\/escuela-dominical\/#primaryimage","url":"https:\/\/cristochurchnona.org\/wp-content\/uploads\/2023\/10\/escuela-dominical-7-1-1.jpg","contentUrl":"https:\/\/cristochurchnona.org\/wp-content\/uploads\/2023\/10\/escuela-dominical-7-1-1.jpg"},{"@type":"BreadcrumbList","@id":"https:\/\/cristochurchnona.org\/escuela-dominical\/#breadcrumb","itemListElement":[{"@type":"ListItem","position":1,"name":"Home","item":"https:\/\/cristochurchnona.org\/"},{"@type":"ListItem","position":2,"name":"Escuela Dominical"}]},{"@type":"WebSite","@id":"https:\/\/cristochurchnona.org\/#website","url":"https:\/\/cristochurchnona.org\/","name":"Cristo Church","description":"","publisher":{"@id":"https:\/\/cristochurchnona.org\/#organization"},"potentialAction":[{"@type":"SearchAction","target":{"@type":"EntryPoint","urlTemplate":"https:\/\/cristochurchnona.org\/?s={search_term_string}"},"query-input":{"@type":"PropertyValueSpecification","valueRequired":true,"valueName":"search_term_string"}}],"inLanguage":"es"},{"@type":"Organization","@id":"https:\/\/cristochurchnona.org\/#organization","name":"Cristo Church","url":"https:\/\/cristochurchnona.org\/","logo":{"@type":"ImageObject","inLanguage":"es","@id":"https:\/\/cristochurchnona.org\/#\/schema\/logo\/image\/","url":"https:\/\/cristochurchnona.org\/wp-content\/uploads\/2023\/08\/LogoCristoChurch.png","contentUrl":"https:\/\/cristochurchnona.org\/wp-content\/uploads\/2023\/08\/LogoCristoChurch.png","width":600,"height":228,"caption":"Cristo Church"},"image":{"@id":"https:\/\/cristochurchnona.org\/#\/schema\/logo\/image\/"}}]}},"jetpack_sharing_enabled":true,"_links":{"self":[{"href":"https:\/\/cristochurchnona.org\/es\/wp-json\/wp\/v2\/pages\/770","targetHints":{"allow":["GET"]}}],"collection":[{"href":"https:\/\/cristochurchnona.org\/es\/wp-json\/wp\/v2\/pages"}],"about":[{"href":"https:\/\/cristochurchnona.org\/es\/wp-json\/wp\/v2\/types\/page"}],"author":[{"embeddable":true,"href":"https:\/\/cristochurchnona.org\/es\/wp-json\/wp\/v2\/users\/3"}],"replies":[{"embeddable":true,"href":"https:\/\/cristochurchnona.org\/es\/wp-json\/wp\/v2\/comments?post=770"}],"version-history":[{"count":6,"href":"https:\/\/cristochurchnona.org\/es\/wp-json\/wp\/v2\/pages\/770\/revisions"}],"predecessor-version":[{"id":1303,"href":"https:\/\/cristochurchnona.org\/es\/wp-json\/wp\/v2\/pages\/770\/revisions\/1303"}],"wp:attachment":[{"href":"https:\/\/cristochurchnona.org\/es\/wp-json\/wp\/v2\/media?parent=770"}],"curies":[{"name":"wp","href":"https:\/\/api.w.org\/{rel}","templated":true}]}}