{"id":791,"date":"2023-10-20T16:49:14","date_gmt":"2023-10-20T21:49:14","guid":{"rendered":"https:\/\/cristochurchnona.org\/?page_id=791"},"modified":"2024-04-19T12:32:42","modified_gmt":"2024-04-19T17:32:42","slug":"estudio-biblico-de-aplicacion","status":"publish","type":"page","link":"https:\/\/cristochurchnona.org\/es\/estudio-biblico-de-aplicacion\/","title":{"rendered":"Estudio B\u00edblico de Aplicaci\u00f3n"},"content":{"rendered":"<div data-elementor-type=\"wp-page\" data-elementor-id=\"791\" class=\"elementor elementor-791\">\n\t\t\t\t\t\t<section class=\"elementor-section elementor-top-section elementor-element elementor-element-7654b20 elementor-section-height-min-height elementor-section-content-bottom elementor-section-items-bottom elementor-section-boxed elementor-section-height-default\" data-id=\"7654b20\" data-element_type=\"section\" data-e-type=\"section\" data-settings=\"{&quot;background_background&quot;:&quot;classic&quot;}\">\n\t\t\t\t\t\t\t<div class=\"elementor-background-overlay\"><\/div>\n\t\t\t\t\t\t\t<div class=\"elementor-container elementor-column-gap-no\">\n\t\t\t\t\t<div class=\"elementor-column elementor-col-100 elementor-top-column elementor-element elementor-element-84ecc6e\" data-id=\"84ecc6e\" data-element_type=\"column\" data-e-type=\"column\">\n\t\t\t<div class=\"elementor-widget-wrap elementor-element-populated\">\n\t\t\t\t\t\t<div class=\"elementor-element elementor-element-5a51642 elementor-widget elementor-widget-heading\" data-id=\"5a51642\" data-element_type=\"widget\" data-e-type=\"widget\" data-widget_type=\"heading.default\">\n\t\t\t\t<div class=\"elementor-widget-container\">\n\t\t\t\t\t<h6 class=\"elementor-heading-title elementor-size-default\">Estudio B\u00edblico Semanal<\/h6>\t\t\t\t<\/div>\n\t\t\t\t<\/div>\n\t\t\t\t<div class=\"elementor-element elementor-element-6b189d5 elementor-widget elementor-widget-heading\" data-id=\"6b189d5\" data-element_type=\"widget\" data-e-type=\"widget\" data-widget_type=\"heading.default\">\n\t\t\t\t<div class=\"elementor-widget-container\">\n\t\t\t\t\t<h1 class=\"elementor-heading-title elementor-size-default\">Estudios B\u00edblicos<\/h1>\t\t\t\t<\/div>\n\t\t\t\t<\/div>\n\t\t\t\t\t<\/div>\n\t\t<\/div>\n\t\t\t\t\t<\/div>\n\t\t<\/section>\n\t\t\t\t<section class=\"elementor-section elementor-top-section elementor-element elementor-element-add0515 elementor-section-boxed elementor-section-height-default elementor-section-height-default\" data-id=\"add0515\" data-element_type=\"section\" data-e-type=\"section\" data-settings=\"{&quot;background_background&quot;:&quot;classic&quot;}\">\n\t\t\t\t\t\t\t<div class=\"elementor-background-overlay\"><\/div>\n\t\t\t\t\t\t\t<div class=\"elementor-container elementor-column-gap-no\">\n\t\t\t\t\t<div class=\"elementor-column elementor-col-100 elementor-top-column elementor-element elementor-element-2a09f1b\" data-id=\"2a09f1b\" data-element_type=\"column\" data-e-type=\"column\">\n\t\t\t<div class=\"elementor-widget-wrap elementor-element-populated\">\n\t\t\t\t\t\t<div class=\"elementor-element elementor-element-fc89d7c elementor-widget elementor-widget-heading\" data-id=\"fc89d7c\" data-element_type=\"widget\" data-e-type=\"widget\" data-widget_type=\"heading.default\">\n\t\t\t\t<div class=\"elementor-widget-container\">\n\t\t\t\t\t<h3 class=\"elementor-heading-title elementor-size-default\">\n\u201cY todos los d\u00edas, en el templo y por las casas, no cesaban de ense\u00f1ar y predicar a Jesucristo.\u201d <br>Hechos 5:42<\/h3>\t\t\t\t<\/div>\n\t\t\t\t<\/div>\n\t\t\t\t<div class=\"elementor-element elementor-element-9410008 elementor-widget-divider--view-line elementor-widget elementor-widget-divider\" data-id=\"9410008\" data-element_type=\"widget\" data-e-type=\"widget\" data-widget_type=\"divider.default\">\n\t\t\t\t<div class=\"elementor-widget-container\">\n\t\t\t\t\t\t\t<div class=\"elementor-divider\">\n\t\t\t<span class=\"elementor-divider-separator\">\n\t\t\t\t\t\t<\/span>\n\t\t<\/div>\n\t\t\t\t\t\t<\/div>\n\t\t\t\t<\/div>\n\t\t\t\t<section class=\"elementor-section elementor-inner-section elementor-element elementor-element-22aafbd elementor-section-boxed elementor-section-height-default elementor-section-height-default\" data-id=\"22aafbd\" data-element_type=\"section\" data-e-type=\"section\">\n\t\t\t\t\t\t<div class=\"elementor-container elementor-column-gap-no\">\n\t\t\t\t\t<div class=\"elementor-column elementor-col-50 elementor-inner-column elementor-element elementor-element-cf50e0e\" data-id=\"cf50e0e\" data-element_type=\"column\" data-e-type=\"column\">\n\t\t\t<div class=\"elementor-widget-wrap elementor-element-populated\">\n\t\t\t\t\t\t<div class=\"elementor-element elementor-element-7647504 elementor-widget elementor-widget-image\" data-id=\"7647504\" data-element_type=\"widget\" data-e-type=\"widget\" data-widget_type=\"image.default\">\n\t\t\t\t<div class=\"elementor-widget-container\">\n\t\t\t\t\t\t\t\t\t\t\t\t\t\t\t<img fetchpriority=\"high\" decoding=\"async\" width=\"800\" height=\"966\" src=\"https:\/\/cristochurchnona.org\/wp-content\/uploads\/2023\/10\/cristo-church-estudio-biblico-imgs-1.jpg\" class=\"attachment-large size-large wp-image-1012\" alt=\"\" srcset=\"https:\/\/cristochurchnona.org\/wp-content\/uploads\/2023\/10\/cristo-church-estudio-biblico-imgs-1.jpg 800w, https:\/\/cristochurchnona.org\/wp-content\/uploads\/2023\/10\/cristo-church-estudio-biblico-imgs-1-248x300.jpg 248w, https:\/\/cristochurchnona.org\/wp-content\/uploads\/2023\/10\/cristo-church-estudio-biblico-imgs-1-768x927.jpg 768w, https:\/\/cristochurchnona.org\/wp-content\/uploads\/2023\/10\/cristo-church-estudio-biblico-imgs-1-10x12.jpg 10w\" sizes=\"(max-width: 800px) 100vw, 800px\" \/>\t\t\t\t\t\t\t\t\t\t\t\t\t\t\t<\/div>\n\t\t\t\t<\/div>\n\t\t\t\t\t<\/div>\n\t\t<\/div>\n\t\t\t\t<div class=\"elementor-column elementor-col-50 elementor-inner-column elementor-element elementor-element-9ba22c9\" data-id=\"9ba22c9\" data-element_type=\"column\" data-e-type=\"column\">\n\t\t\t<div class=\"elementor-widget-wrap elementor-element-populated\">\n\t\t\t\t\t\t<div class=\"elementor-element elementor-element-550a74e elementor-widget elementor-widget-text-editor\" data-id=\"550a74e\" data-element_type=\"widget\" data-e-type=\"widget\" data-widget_type=\"text-editor.default\">\n\t\t\t\t<div class=\"elementor-widget-container\">\n\t\t\t\t\t\t\t\t\t<p><span style=\"font-weight: 400;\">Los Estudios B\u00edblicos son espacios a mitad de semana en donde nos reunimos virtualmente o en las casas, para meditar y profundizar en la Palabra de Dios. Esto con el objetivo de madurar en la fe y seguir avanzando, con la ayuda del Esp\u00edritu Santo, en el conocimiento de la voluntad de Dios para su pueblo escogido.\u00a0\u00a0<\/span><\/p><p><span style=\"font-weight: 400;\">Los temas a estudiar son variados. Pueden ajustarse a t\u00f3picos de las lecturas diarias del Plan de Lectura B\u00edblica de Cristo Church, a la profundizaci\u00f3n de los sermones o talleres dominicales o a las necesidades de la congregaci\u00f3n. Una vez al mes, se dedica un mi\u00e9rcoles a la oraci\u00f3n congregacional.\u00a0<\/span><\/p>\t\t\t\t\t\t\t\t<\/div>\n\t\t\t\t<\/div>\n\t\t\t\t<div class=\"elementor-element elementor-element-c03b3e2 elementor-widget elementor-widget-text-editor\" data-id=\"c03b3e2\" data-element_type=\"widget\" data-e-type=\"widget\" data-widget_type=\"text-editor.default\">\n\t\t\t\t<div class=\"elementor-widget-container\">\n\t\t\t\t\t\t\t\t\t<p><strong>Estos tiempos son especialmente enriquecedores ya que se abren espacios de interacci\u00f3n para preguntas y comentarios sobre el tema a estudiar o sobre las porciones del Plan de Lectura B\u00edblico que seguimos como iglesia.\u00a0<\/strong><\/p>\t\t\t\t\t\t\t\t<\/div>\n\t\t\t\t<\/div>\n\t\t\t\t<div class=\"elementor-element elementor-element-9b9a42b elementor-widget elementor-widget-button\" data-id=\"9b9a42b\" data-element_type=\"widget\" data-e-type=\"widget\" data-widget_type=\"button.default\">\n\t\t\t\t<div class=\"elementor-widget-container\">\n\t\t\t\t\t\t\t\t\t<div class=\"elementor-button-wrapper\">\n\t\t\t\t\t<a class=\"elementor-button elementor-button-link elementor-size-sm\" href=\"https:\/\/cristochurchnona.org\/es\/CONTACT\/\">\n\t\t\t\t\t\t<span class=\"elementor-button-content-wrapper\">\n\t\t\t\t\t\t\t\t\t<span class=\"elementor-button-text\">VIS\u00cdTANOS<\/span>\n\t\t\t\t\t<\/span>\n\t\t\t\t\t<\/a>\n\t\t\t\t<\/div>\n\t\t\t\t\t\t\t\t<\/div>\n\t\t\t\t<\/div>\n\t\t\t\t\t<\/div>\n\t\t<\/div>\n\t\t\t\t\t<\/div>\n\t\t<\/section>\n\t\t\t\t\t<\/div>\n\t\t<\/div>\n\t\t\t\t\t<\/div>\n\t\t<\/section>\n\t\t\t\t<section class=\"elementor-section elementor-top-section elementor-element elementor-element-2ab0110 elementor-section-height-min-height elementor-section-boxed elementor-section-height-default elementor-section-items-middle\" data-id=\"2ab0110\" data-element_type=\"section\" data-e-type=\"section\" data-settings=\"{&quot;background_background&quot;:&quot;classic&quot;}\">\n\t\t\t\t\t\t\t<div class=\"elementor-background-overlay\"><\/div>\n\t\t\t\t\t\t\t<div class=\"elementor-container elementor-column-gap-no\">\n\t\t\t\t\t<div class=\"elementor-column elementor-col-100 elementor-top-column elementor-element elementor-element-2a62bc4\" data-id=\"2a62bc4\" data-element_type=\"column\" data-e-type=\"column\" data-settings=\"{&quot;background_background&quot;:&quot;classic&quot;}\">\n\t\t\t<div class=\"elementor-widget-wrap elementor-element-populated\">\n\t\t\t\t\t\t<div class=\"elementor-element elementor-element-95dfbba elementor-widget elementor-widget-heading\" data-id=\"95dfbba\" data-element_type=\"widget\" data-e-type=\"widget\" data-widget_type=\"heading.default\">\n\t\t\t\t<div class=\"elementor-widget-container\">\n\t\t\t\t\t<h3 class=\"elementor-heading-title elementor-size-default\">\u00a0\u201cQue el Dios del Se\u00f1or nuestro Jesucristo, el Padre de gloria, os d\u00e9 esp\u00edritu de sabidur\u00eda y de revelaci\u00f3n para su conocimiento\u201d<\/h3>\t\t\t\t<\/div>\n\t\t\t\t<\/div>\n\t\t\t\t<div class=\"elementor-element elementor-element-c66c01b elementor-widget elementor-widget-heading\" data-id=\"c66c01b\" data-element_type=\"widget\" data-e-type=\"widget\" data-widget_type=\"heading.default\">\n\t\t\t\t<div class=\"elementor-widget-container\">\n\t\t\t\t\t<h5 class=\"elementor-heading-title elementor-size-default\">Efesios 1:17<\/h5>\t\t\t\t<\/div>\n\t\t\t\t<\/div>\n\t\t\t\t<div class=\"elementor-element elementor-element-a987502 elementor-widget-divider--view-line elementor-widget elementor-widget-divider\" data-id=\"a987502\" data-element_type=\"widget\" data-e-type=\"widget\" data-widget_type=\"divider.default\">\n\t\t\t\t<div class=\"elementor-widget-container\">\n\t\t\t\t\t\t\t<div class=\"elementor-divider\">\n\t\t\t<span class=\"elementor-divider-separator\">\n\t\t\t\t\t\t<\/span>\n\t\t<\/div>\n\t\t\t\t\t\t<\/div>\n\t\t\t\t<\/div>\n\t\t\t\t\t<\/div>\n\t\t<\/div>\n\t\t\t\t\t<\/div>\n\t\t<\/section>\n\t\t\t\t<\/div>","protected":false},"excerpt":{"rendered":"<p>Estudio B\u00edblico Semanal Estudios B\u00edblicos \u201cY todos los d\u00edas, en el templo y por las casas, no cesaban de ense\u00f1ar y predicar a Jesucristo.\u201d Hechos 5:42 Los Estudios B\u00edblicos son espacios a mitad de semana en donde nos reunimos virtualmente o en las casas, para meditar y profundizar en la Palabra de Dios. Esto con [&hellip;]<\/p>\n","protected":false},"author":3,"featured_media":0,"parent":0,"menu_order":0,"comment_status":"closed","ping_status":"closed","template":"","meta":{"inline_featured_image":false,"site-sidebar-layout":"no-sidebar","site-content-layout":"page-builder","ast-site-content-layout":"","site-content-style":"default","site-sidebar-style":"default","ast-global-header-display":"","ast-banner-title-visibility":"","ast-main-header-display":"","ast-hfb-above-header-display":"","ast-hfb-below-header-display":"","ast-hfb-mobile-header-display":"","site-post-title":"disabled","ast-breadcrumbs-content":"disabled","ast-featured-img":"disabled","footer-sml-layout":"","theme-transparent-header-meta":"enabled","adv-header-id-meta":"","stick-header-meta":"","header-above-stick-meta":"","header-main-stick-meta":"","header-below-stick-meta":"","astra-migrate-meta-layouts":"default","ast-page-background-enabled":"default","ast-page-background-meta":{"desktop":{"background-color":"","background-image":"","background-repeat":"repeat","background-position":"center center","background-size":"auto","background-attachment":"scroll","background-type":"","background-media":"","overlay-type":"","overlay-color":"","overlay-gradient":""},"tablet":{"background-color":"","background-image":"","background-repeat":"repeat","background-position":"center center","background-size":"auto","background-attachment":"scroll","background-type":"","background-media":"","overlay-type":"","overlay-color":"","overlay-gradient":""},"mobile":{"background-color":"","background-image":"","background-repeat":"repeat","background-position":"center center","background-size":"auto","background-attachment":"scroll","background-type":"","background-media":"","overlay-type":"","overlay-color":"","overlay-gradient":""}},"ast-content-background-meta":{"desktop":{"background-color":"var(--ast-global-color-5)","background-image":"","background-repeat":"repeat","background-position":"center center","background-size":"auto","background-attachment":"scroll","background-type":"","background-media":"","overlay-type":"","overlay-color":"","overlay-gradient":""},"tablet":{"background-color":"var(--ast-global-color-5)","background-image":"","background-repeat":"repeat","background-position":"center center","background-size":"auto","background-attachment":"scroll","background-type":"","background-media":"","overlay-type":"","overlay-color":"","overlay-gradient":""},"mobile":{"background-color":"var(--ast-global-color-5)","background-image":"","background-repeat":"repeat","background-position":"center center","background-size":"auto","background-attachment":"scroll","background-type":"","background-media":"","overlay-type":"","overlay-color":"","overlay-gradient":""}},"_themeisle_gutenberg_block_has_review":false,"footnotes":""},"class_list":["post-791","page","type-page","status-publish","hentry"],"yoast_head":"<!-- This site is optimized with the Yoast SEO plugin v27.3 - https:\/\/yoast.com\/product\/yoast-seo-wordpress\/ -->\n<title>Estudio B\u00edblico de Aplicaci\u00f3n - Cristo Church<\/title>\n<meta name=\"robots\" content=\"index, follow, max-snippet:-1, max-image-preview:large, max-video-preview:-1\" \/>\n<link rel=\"canonical\" href=\"https:\/\/cristochurchnona.org\/es\/estudio-biblico-de-aplicacion\/\" \/>\n<meta property=\"og:locale\" content=\"es_ES\" \/>\n<meta property=\"og:type\" content=\"article\" \/>\n<meta property=\"og:title\" content=\"Estudio B\u00edblico de Aplicaci\u00f3n - Cristo Church\" \/>\n<meta property=\"og:description\" content=\"Estudio B\u00edblico Semanal Estudios B\u00edblicos \u201cY todos los d\u00edas, en el templo y por las casas, no cesaban de ense\u00f1ar y predicar a Jesucristo.\u201d Hechos 5:42 Los Estudios B\u00edblicos son espacios a mitad de semana en donde nos reunimos virtualmente o en las casas, para meditar y profundizar en la Palabra de Dios. Esto con [&hellip;]\" \/>\n<meta property=\"og:url\" content=\"https:\/\/cristochurchnona.org\/es\/estudio-biblico-de-aplicacion\/\" \/>\n<meta property=\"og:site_name\" content=\"Cristo Church\" \/>\n<meta property=\"article:modified_time\" content=\"2024-04-19T17:32:42+00:00\" \/>\n<meta property=\"og:image\" content=\"https:\/\/cristochurchnona.org\/wp-content\/uploads\/2023\/10\/cristo-church-estudio-biblico-imgs-1.jpg\" \/>\n<meta name=\"twitter:card\" content=\"summary_large_image\" \/>\n<meta name=\"twitter:label1\" content=\"Tiempo de lectura\" \/>\n\t<meta name=\"twitter:data1\" content=\"2 minutos\" \/>\n<script type=\"application\/ld+json\" class=\"yoast-schema-graph\">{\"@context\":\"https:\\\/\\\/schema.org\",\"@graph\":[{\"@type\":\"WebPage\",\"@id\":\"https:\\\/\\\/cristochurchnona.org\\\/estudio-biblico-de-aplicacion\\\/\",\"url\":\"https:\\\/\\\/cristochurchnona.org\\\/estudio-biblico-de-aplicacion\\\/\",\"name\":\"Estudio B\u00edblico de Aplicaci\u00f3n - Cristo Church\",\"isPartOf\":{\"@id\":\"https:\\\/\\\/cristochurchnona.org\\\/#website\"},\"primaryImageOfPage\":{\"@id\":\"https:\\\/\\\/cristochurchnona.org\\\/estudio-biblico-de-aplicacion\\\/#primaryimage\"},\"image\":{\"@id\":\"https:\\\/\\\/cristochurchnona.org\\\/estudio-biblico-de-aplicacion\\\/#primaryimage\"},\"thumbnailUrl\":\"https:\\\/\\\/cristochurchnona.org\\\/wp-content\\\/uploads\\\/2023\\\/10\\\/cristo-church-estudio-biblico-imgs-1.jpg\",\"datePublished\":\"2023-10-20T21:49:14+00:00\",\"dateModified\":\"2024-04-19T17:32:42+00:00\",\"breadcrumb\":{\"@id\":\"https:\\\/\\\/cristochurchnona.org\\\/estudio-biblico-de-aplicacion\\\/#breadcrumb\"},\"inLanguage\":\"es\",\"potentialAction\":[{\"@type\":\"ReadAction\",\"target\":[\"https:\\\/\\\/cristochurchnona.org\\\/estudio-biblico-de-aplicacion\\\/\"]}]},{\"@type\":\"ImageObject\",\"inLanguage\":\"es\",\"@id\":\"https:\\\/\\\/cristochurchnona.org\\\/estudio-biblico-de-aplicacion\\\/#primaryimage\",\"url\":\"https:\\\/\\\/cristochurchnona.org\\\/wp-content\\\/uploads\\\/2023\\\/10\\\/cristo-church-estudio-biblico-imgs-1.jpg\",\"contentUrl\":\"https:\\\/\\\/cristochurchnona.org\\\/wp-content\\\/uploads\\\/2023\\\/10\\\/cristo-church-estudio-biblico-imgs-1.jpg\"},{\"@type\":\"BreadcrumbList\",\"@id\":\"https:\\\/\\\/cristochurchnona.org\\\/estudio-biblico-de-aplicacion\\\/#breadcrumb\",\"itemListElement\":[{\"@type\":\"ListItem\",\"position\":1,\"name\":\"Home\",\"item\":\"https:\\\/\\\/cristochurchnona.org\\\/\"},{\"@type\":\"ListItem\",\"position\":2,\"name\":\"Estudio B\u00edblico de Aplicaci\u00f3n\"}]},{\"@type\":\"WebSite\",\"@id\":\"https:\\\/\\\/cristochurchnona.org\\\/#website\",\"url\":\"https:\\\/\\\/cristochurchnona.org\\\/\",\"name\":\"Cristo Church\",\"description\":\"\",\"publisher\":{\"@id\":\"https:\\\/\\\/cristochurchnona.org\\\/#organization\"},\"potentialAction\":[{\"@type\":\"SearchAction\",\"target\":{\"@type\":\"EntryPoint\",\"urlTemplate\":\"https:\\\/\\\/cristochurchnona.org\\\/?s={search_term_string}\"},\"query-input\":{\"@type\":\"PropertyValueSpecification\",\"valueRequired\":true,\"valueName\":\"search_term_string\"}}],\"inLanguage\":\"es\"},{\"@type\":\"Organization\",\"@id\":\"https:\\\/\\\/cristochurchnona.org\\\/#organization\",\"name\":\"Cristo Church\",\"url\":\"https:\\\/\\\/cristochurchnona.org\\\/\",\"logo\":{\"@type\":\"ImageObject\",\"inLanguage\":\"es\",\"@id\":\"https:\\\/\\\/cristochurchnona.org\\\/#\\\/schema\\\/logo\\\/image\\\/\",\"url\":\"https:\\\/\\\/cristochurchnona.org\\\/wp-content\\\/uploads\\\/2023\\\/08\\\/LogoCristoChurch.png\",\"contentUrl\":\"https:\\\/\\\/cristochurchnona.org\\\/wp-content\\\/uploads\\\/2023\\\/08\\\/LogoCristoChurch.png\",\"width\":600,\"height\":228,\"caption\":\"Cristo Church\"},\"image\":{\"@id\":\"https:\\\/\\\/cristochurchnona.org\\\/#\\\/schema\\\/logo\\\/image\\\/\"}}]}<\/script>\n<!-- \/ Yoast SEO plugin. -->","yoast_head_json":{"title":"Estudio B\u00edblico de Aplicaci\u00f3n - Cristo Church","robots":{"index":"index","follow":"follow","max-snippet":"max-snippet:-1","max-image-preview":"max-image-preview:large","max-video-preview":"max-video-preview:-1"},"canonical":"https:\/\/cristochurchnona.org\/es\/estudio-biblico-de-aplicacion\/","og_locale":"es_ES","og_type":"article","og_title":"Estudio B\u00edblico de Aplicaci\u00f3n - Cristo Church","og_description":"Estudio B\u00edblico Semanal Estudios B\u00edblicos \u201cY todos los d\u00edas, en el templo y por las casas, no cesaban de ense\u00f1ar y predicar a Jesucristo.\u201d Hechos 5:42 Los Estudios B\u00edblicos son espacios a mitad de semana en donde nos reunimos virtualmente o en las casas, para meditar y profundizar en la Palabra de Dios. Esto con [&hellip;]","og_url":"https:\/\/cristochurchnona.org\/es\/estudio-biblico-de-aplicacion\/","og_site_name":"Cristo Church","article_modified_time":"2024-04-19T17:32:42+00:00","og_image":[{"url":"https:\/\/cristochurchnona.org\/wp-content\/uploads\/2023\/10\/cristo-church-estudio-biblico-imgs-1.jpg","type":"","width":"","height":""}],"twitter_card":"summary_large_image","twitter_misc":{"Tiempo de lectura":"2 minutos"},"schema":{"@context":"https:\/\/schema.org","@graph":[{"@type":"WebPage","@id":"https:\/\/cristochurchnona.org\/estudio-biblico-de-aplicacion\/","url":"https:\/\/cristochurchnona.org\/estudio-biblico-de-aplicacion\/","name":"Estudio B\u00edblico de Aplicaci\u00f3n - Cristo Church","isPartOf":{"@id":"https:\/\/cristochurchnona.org\/#website"},"primaryImageOfPage":{"@id":"https:\/\/cristochurchnona.org\/estudio-biblico-de-aplicacion\/#primaryimage"},"image":{"@id":"https:\/\/cristochurchnona.org\/estudio-biblico-de-aplicacion\/#primaryimage"},"thumbnailUrl":"https:\/\/cristochurchnona.org\/wp-content\/uploads\/2023\/10\/cristo-church-estudio-biblico-imgs-1.jpg","datePublished":"2023-10-20T21:49:14+00:00","dateModified":"2024-04-19T17:32:42+00:00","breadcrumb":{"@id":"https:\/\/cristochurchnona.org\/estudio-biblico-de-aplicacion\/#breadcrumb"},"inLanguage":"es","potentialAction":[{"@type":"ReadAction","target":["https:\/\/cristochurchnona.org\/estudio-biblico-de-aplicacion\/"]}]},{"@type":"ImageObject","inLanguage":"es","@id":"https:\/\/cristochurchnona.org\/estudio-biblico-de-aplicacion\/#primaryimage","url":"https:\/\/cristochurchnona.org\/wp-content\/uploads\/2023\/10\/cristo-church-estudio-biblico-imgs-1.jpg","contentUrl":"https:\/\/cristochurchnona.org\/wp-content\/uploads\/2023\/10\/cristo-church-estudio-biblico-imgs-1.jpg"},{"@type":"BreadcrumbList","@id":"https:\/\/cristochurchnona.org\/estudio-biblico-de-aplicacion\/#breadcrumb","itemListElement":[{"@type":"ListItem","position":1,"name":"Home","item":"https:\/\/cristochurchnona.org\/"},{"@type":"ListItem","position":2,"name":"Estudio B\u00edblico de Aplicaci\u00f3n"}]},{"@type":"WebSite","@id":"https:\/\/cristochurchnona.org\/#website","url":"https:\/\/cristochurchnona.org\/","name":"Cristo Church","description":"","publisher":{"@id":"https:\/\/cristochurchnona.org\/#organization"},"potentialAction":[{"@type":"SearchAction","target":{"@type":"EntryPoint","urlTemplate":"https:\/\/cristochurchnona.org\/?s={search_term_string}"},"query-input":{"@type":"PropertyValueSpecification","valueRequired":true,"valueName":"search_term_string"}}],"inLanguage":"es"},{"@type":"Organization","@id":"https:\/\/cristochurchnona.org\/#organization","name":"Cristo Church","url":"https:\/\/cristochurchnona.org\/","logo":{"@type":"ImageObject","inLanguage":"es","@id":"https:\/\/cristochurchnona.org\/#\/schema\/logo\/image\/","url":"https:\/\/cristochurchnona.org\/wp-content\/uploads\/2023\/08\/LogoCristoChurch.png","contentUrl":"https:\/\/cristochurchnona.org\/wp-content\/uploads\/2023\/08\/LogoCristoChurch.png","width":600,"height":228,"caption":"Cristo Church"},"image":{"@id":"https:\/\/cristochurchnona.org\/#\/schema\/logo\/image\/"}}]}},"jetpack_sharing_enabled":true,"_links":{"self":[{"href":"https:\/\/cristochurchnona.org\/es\/wp-json\/wp\/v2\/pages\/791","targetHints":{"allow":["GET"]}}],"collection":[{"href":"https:\/\/cristochurchnona.org\/es\/wp-json\/wp\/v2\/pages"}],"about":[{"href":"https:\/\/cristochurchnona.org\/es\/wp-json\/wp\/v2\/types\/page"}],"author":[{"embeddable":true,"href":"https:\/\/cristochurchnona.org\/es\/wp-json\/wp\/v2\/users\/3"}],"replies":[{"embeddable":true,"href":"https:\/\/cristochurchnona.org\/es\/wp-json\/wp\/v2\/comments?post=791"}],"version-history":[{"count":5,"href":"https:\/\/cristochurchnona.org\/es\/wp-json\/wp\/v2\/pages\/791\/revisions"}],"predecessor-version":[{"id":1315,"href":"https:\/\/cristochurchnona.org\/es\/wp-json\/wp\/v2\/pages\/791\/revisions\/1315"}],"wp:attachment":[{"href":"https:\/\/cristochurchnona.org\/es\/wp-json\/wp\/v2\/media?parent=791"}],"curies":[{"name":"wp","href":"https:\/\/api.w.org\/{rel}","templated":true}]}}