{"id":818,"date":"2023-10-20T17:22:25","date_gmt":"2023-10-20T22:22:25","guid":{"rendered":"https:\/\/cristochurchnona.org\/?page_id=818"},"modified":"2024-04-19T12:18:05","modified_gmt":"2024-04-19T17:18:05","slug":"ministerio-de-hombres","status":"publish","type":"page","link":"https:\/\/cristochurchnona.org\/es\/ministerio-de-hombres\/","title":{"rendered":"Ministerio de Hombres"},"content":{"rendered":"<div data-elementor-type=\"wp-page\" data-elementor-id=\"818\" class=\"elementor elementor-818\">\n\t\t\t\t\t\t<section class=\"elementor-section elementor-top-section elementor-element elementor-element-7654b20 elementor-section-height-min-height elementor-section-content-bottom elementor-section-items-bottom elementor-section-boxed elementor-section-height-default\" data-id=\"7654b20\" data-element_type=\"section\" data-e-type=\"section\" data-settings=\"{&quot;background_background&quot;:&quot;classic&quot;}\">\n\t\t\t\t\t\t\t<div class=\"elementor-background-overlay\"><\/div>\n\t\t\t\t\t\t\t<div class=\"elementor-container elementor-column-gap-no\">\n\t\t\t\t\t<div class=\"elementor-column elementor-col-100 elementor-top-column elementor-element elementor-element-84ecc6e\" data-id=\"84ecc6e\" data-element_type=\"column\" data-e-type=\"column\">\n\t\t\t<div class=\"elementor-widget-wrap elementor-element-populated\">\n\t\t\t\t\t\t<div class=\"elementor-element elementor-element-5a51642 elementor-widget elementor-widget-heading\" data-id=\"5a51642\" data-element_type=\"widget\" data-e-type=\"widget\" data-widget_type=\"heading.default\">\n\t\t\t\t<div class=\"elementor-widget-container\">\n\t\t\t\t\t<h6 class=\"elementor-heading-title elementor-size-default\">MINISTERIO DE<\/h6>\t\t\t\t<\/div>\n\t\t\t\t<\/div>\n\t\t\t\t<div class=\"elementor-element elementor-element-6b189d5 elementor-widget elementor-widget-heading\" data-id=\"6b189d5\" data-element_type=\"widget\" data-e-type=\"widget\" data-widget_type=\"heading.default\">\n\t\t\t\t<div class=\"elementor-widget-container\">\n\t\t\t\t\t<h1 class=\"elementor-heading-title elementor-size-default\">Hombres<\/h1>\t\t\t\t<\/div>\n\t\t\t\t<\/div>\n\t\t\t\t\t<\/div>\n\t\t<\/div>\n\t\t\t\t\t<\/div>\n\t\t<\/section>\n\t\t\t\t<section class=\"elementor-section elementor-top-section elementor-element elementor-element-add0515 elementor-section-boxed elementor-section-height-default elementor-section-height-default\" data-id=\"add0515\" data-element_type=\"section\" data-e-type=\"section\" data-settings=\"{&quot;background_background&quot;:&quot;classic&quot;}\">\n\t\t\t\t\t\t\t<div class=\"elementor-background-overlay\"><\/div>\n\t\t\t\t\t\t\t<div class=\"elementor-container elementor-column-gap-no\">\n\t\t\t\t\t<div class=\"elementor-column elementor-col-100 elementor-top-column elementor-element elementor-element-2a09f1b\" data-id=\"2a09f1b\" data-element_type=\"column\" data-e-type=\"column\">\n\t\t\t<div class=\"elementor-widget-wrap elementor-element-populated\">\n\t\t\t\t\t\t<div class=\"elementor-element elementor-element-fc89d7c elementor-widget elementor-widget-heading\" data-id=\"fc89d7c\" data-element_type=\"widget\" data-e-type=\"widget\" data-widget_type=\"heading.default\">\n\t\t\t\t<div class=\"elementor-widget-container\">\n\t\t\t\t\t<h3 class=\"elementor-heading-title elementor-size-default\">\u201cYo sigo el camino de todos en la tierra; <br>esfu\u00e9rzate, y s\u00e9 hombre. \u201d <br>1 Reyes 2:2\n<\/h3>\t\t\t\t<\/div>\n\t\t\t\t<\/div>\n\t\t\t\t<div class=\"elementor-element elementor-element-9410008 elementor-widget-divider--view-line elementor-widget elementor-widget-divider\" data-id=\"9410008\" data-element_type=\"widget\" data-e-type=\"widget\" data-widget_type=\"divider.default\">\n\t\t\t\t<div class=\"elementor-widget-container\">\n\t\t\t\t\t\t\t<div class=\"elementor-divider\">\n\t\t\t<span class=\"elementor-divider-separator\">\n\t\t\t\t\t\t<\/span>\n\t\t<\/div>\n\t\t\t\t\t\t<\/div>\n\t\t\t\t<\/div>\n\t\t\t\t<section class=\"elementor-section elementor-inner-section elementor-element elementor-element-22aafbd elementor-section-boxed elementor-section-height-default elementor-section-height-default\" data-id=\"22aafbd\" data-element_type=\"section\" data-e-type=\"section\">\n\t\t\t\t\t\t<div class=\"elementor-container elementor-column-gap-no\">\n\t\t\t\t\t<div class=\"elementor-column elementor-col-50 elementor-inner-column elementor-element elementor-element-cf50e0e\" data-id=\"cf50e0e\" data-element_type=\"column\" data-e-type=\"column\">\n\t\t\t<div class=\"elementor-widget-wrap elementor-element-populated\">\n\t\t\t\t\t\t<div class=\"elementor-element elementor-element-7647504 elementor-widget elementor-widget-image\" data-id=\"7647504\" data-element_type=\"widget\" data-e-type=\"widget\" data-widget_type=\"image.default\">\n\t\t\t\t<div class=\"elementor-widget-container\">\n\t\t\t\t\t\t\t\t\t\t\t\t\t\t\t<img fetchpriority=\"high\" decoding=\"async\" width=\"767\" height=\"1024\" src=\"https:\/\/cristochurchnona.org\/wp-content\/uploads\/2023\/10\/cristo-church-hombres-3-1-1-767x1024.jpg\" class=\"attachment-large size-large wp-image-1001\" alt=\"\" srcset=\"https:\/\/cristochurchnona.org\/wp-content\/uploads\/2023\/10\/cristo-church-hombres-3-1-1-767x1024.jpg 767w, https:\/\/cristochurchnona.org\/wp-content\/uploads\/2023\/10\/cristo-church-hombres-3-1-1-225x300.jpg 225w, https:\/\/cristochurchnona.org\/wp-content\/uploads\/2023\/10\/cristo-church-hombres-3-1-1-768x1025.jpg 768w, https:\/\/cristochurchnona.org\/wp-content\/uploads\/2023\/10\/cristo-church-hombres-3-1-1-300x400.jpg 300w, https:\/\/cristochurchnona.org\/wp-content\/uploads\/2023\/10\/cristo-church-hombres-3-1-1-9x12.jpg 9w, https:\/\/cristochurchnona.org\/wp-content\/uploads\/2023\/10\/cristo-church-hombres-3-1-1.jpg 800w\" sizes=\"(max-width: 767px) 100vw, 767px\" \/>\t\t\t\t\t\t\t\t\t\t\t\t\t\t\t<\/div>\n\t\t\t\t<\/div>\n\t\t\t\t\t<\/div>\n\t\t<\/div>\n\t\t\t\t<div class=\"elementor-column elementor-col-50 elementor-inner-column elementor-element elementor-element-9ba22c9\" data-id=\"9ba22c9\" data-element_type=\"column\" data-e-type=\"column\">\n\t\t\t<div class=\"elementor-widget-wrap elementor-element-populated\">\n\t\t\t\t\t\t<div class=\"elementor-element elementor-element-550a74e elementor-widget elementor-widget-text-editor\" data-id=\"550a74e\" data-element_type=\"widget\" data-e-type=\"widget\" data-widget_type=\"text-editor.default\">\n\t\t\t\t<div class=\"elementor-widget-container\">\n\t\t\t\t\t\t\t\t\t<p><span style=\"font-weight: 400;\">El prop\u00f3sito principal que tenemos como hombres temerosos de Dios, es el de glorificar a Dios asumiendo nuestro rol ordenado por Dios de liderar y amar a nuestros hogares, nuestra iglesia y el mundo, siguiendo el ejemplo de nuestro Se\u00f1or Jesucristo. <br \/><br \/><strong>En Cristo Church sabemos que esto solamente lo podemos lograr mediante la llenura del Esp\u00edritu Santo y la renovaci\u00f3n de nuestro entendimiento a trav\u00e9s del estudio profundo de las Sagradas Escrituras.\u00a0<br \/><br \/><\/strong><\/span><\/p><p><span style=\"font-weight: 400;\">Un domingo al mes, despu\u00e9s del Servicio de Adoraci\u00f3n, los hombres nos reunimos en las instalaciones de la iglesia para tener un tiempo de comuni\u00f3n entre hermanos y ser instruidos con la Palabra de Dios. Son diversos los temas que se estudian en estos tiempos, pero usualmente estudiamos la vida de personajes b\u00edblicos para aprender de su piedad o, por el contrario, no repetir sus pecados.\u00a0<\/span><\/p><p><i><span style=\"font-weight: 400;\">\u201cBienaventurado el hombre que halla la sabidur\u00eda, <\/span><\/i><i><span style=\"font-weight: 400;\">Y que obtiene la inteligencia\u201d. &#8211;<\/span><\/i><i><span style=\"font-weight: 400;\">Proverbios 3:13<\/span><\/i><\/p>\t\t\t\t\t\t\t\t<\/div>\n\t\t\t\t<\/div>\n\t\t\t\t<div class=\"elementor-element elementor-element-9b9a42b elementor-widget elementor-widget-button\" data-id=\"9b9a42b\" data-element_type=\"widget\" data-e-type=\"widget\" data-widget_type=\"button.default\">\n\t\t\t\t<div class=\"elementor-widget-container\">\n\t\t\t\t\t\t\t\t\t<div class=\"elementor-button-wrapper\">\n\t\t\t\t\t<a class=\"elementor-button elementor-button-link elementor-size-sm\" href=\"https:\/\/cristochurchnona.org\/es\/CONTACT\/\">\n\t\t\t\t\t\t<span class=\"elementor-button-content-wrapper\">\n\t\t\t\t\t\t\t\t\t<span class=\"elementor-button-text\">VIS\u00cdTANOS<\/span>\n\t\t\t\t\t<\/span>\n\t\t\t\t\t<\/a>\n\t\t\t\t<\/div>\n\t\t\t\t\t\t\t\t<\/div>\n\t\t\t\t<\/div>\n\t\t\t\t\t<\/div>\n\t\t<\/div>\n\t\t\t\t\t<\/div>\n\t\t<\/section>\n\t\t\t\t\t<\/div>\n\t\t<\/div>\n\t\t\t\t\t<\/div>\n\t\t<\/section>\n\t\t\t\t<section class=\"elementor-section elementor-top-section elementor-element elementor-element-2ab0110 elementor-section-height-min-height elementor-section-boxed elementor-section-height-default elementor-section-items-middle\" data-id=\"2ab0110\" data-element_type=\"section\" data-e-type=\"section\" data-settings=\"{&quot;background_background&quot;:&quot;classic&quot;}\">\n\t\t\t\t\t\t\t<div class=\"elementor-background-overlay\"><\/div>\n\t\t\t\t\t\t\t<div class=\"elementor-container elementor-column-gap-no\">\n\t\t\t\t\t<div class=\"elementor-column elementor-col-100 elementor-top-column elementor-element elementor-element-2a62bc4\" data-id=\"2a62bc4\" data-element_type=\"column\" data-e-type=\"column\" data-settings=\"{&quot;background_background&quot;:&quot;classic&quot;}\">\n\t\t\t<div class=\"elementor-widget-wrap elementor-element-populated\">\n\t\t\t\t\t\t<div class=\"elementor-element elementor-element-95dfbba elementor-widget elementor-widget-heading\" data-id=\"95dfbba\" data-element_type=\"widget\" data-e-type=\"widget\" data-widget_type=\"heading.default\">\n\t\t\t\t<div class=\"elementor-widget-container\">\n\t\t\t\t\t<h3 class=\"elementor-heading-title elementor-size-default\">\u201cBienaventurado el hombre que halla la sabidur\u00eda, y que obtiene la inteligencia\u201d, recordando que \"el principio de la sabidur\u00eda es el temor de Jehov\u00e1; Los insensatos desprecian la sabidur\u00eda y la ense\u00f1anza.\"\n<\/h3>\t\t\t\t<\/div>\n\t\t\t\t<\/div>\n\t\t\t\t<div class=\"elementor-element elementor-element-c66c01b elementor-widget elementor-widget-heading\" data-id=\"c66c01b\" data-element_type=\"widget\" data-e-type=\"widget\" data-widget_type=\"heading.default\">\n\t\t\t\t<div class=\"elementor-widget-container\">\n\t\t\t\t\t<h5 class=\"elementor-heading-title elementor-size-default\">Proverbios 3:13 y 1:7<\/h5>\t\t\t\t<\/div>\n\t\t\t\t<\/div>\n\t\t\t\t<div class=\"elementor-element elementor-element-a987502 elementor-widget-divider--view-line elementor-widget elementor-widget-divider\" data-id=\"a987502\" data-element_type=\"widget\" data-e-type=\"widget\" data-widget_type=\"divider.default\">\n\t\t\t\t<div class=\"elementor-widget-container\">\n\t\t\t\t\t\t\t<div class=\"elementor-divider\">\n\t\t\t<span class=\"elementor-divider-separator\">\n\t\t\t\t\t\t<\/span>\n\t\t<\/div>\n\t\t\t\t\t\t<\/div>\n\t\t\t\t<\/div>\n\t\t\t\t\t<\/div>\n\t\t<\/div>\n\t\t\t\t\t<\/div>\n\t\t<\/section>\n\t\t\t\t<\/div>","protected":false},"excerpt":{"rendered":"<p>MINISTERIO DE Hombres \u201cYo sigo el camino de todos en la tierra; esfu\u00e9rzate, y s\u00e9 hombre. \u201d 1 Reyes 2:2 El prop\u00f3sito principal que tenemos como hombres temerosos de Dios, es el de glorificar a Dios asumiendo nuestro rol ordenado por Dios de liderar y amar a nuestros hogares, nuestra iglesia y el mundo, siguiendo [&hellip;]<\/p>\n","protected":false},"author":3,"featured_media":0,"parent":0,"menu_order":0,"comment_status":"closed","ping_status":"closed","template":"","meta":{"inline_featured_image":false,"site-sidebar-layout":"no-sidebar","site-content-layout":"page-builder","ast-site-content-layout":"","site-content-style":"default","site-sidebar-style":"default","ast-global-header-display":"","ast-banner-title-visibility":"","ast-main-header-display":"","ast-hfb-above-header-display":"","ast-hfb-below-header-display":"","ast-hfb-mobile-header-display":"","site-post-title":"disabled","ast-breadcrumbs-content":"disabled","ast-featured-img":"disabled","footer-sml-layout":"","theme-transparent-header-meta":"enabled","adv-header-id-meta":"","stick-header-meta":"","header-above-stick-meta":"","header-main-stick-meta":"","header-below-stick-meta":"","astra-migrate-meta-layouts":"default","ast-page-background-enabled":"default","ast-page-background-meta":{"desktop":{"background-color":"","background-image":"","background-repeat":"repeat","background-position":"center center","background-size":"auto","background-attachment":"scroll","background-type":"","background-media":"","overlay-type":"","overlay-color":"","overlay-gradient":""},"tablet":{"background-color":"","background-image":"","background-repeat":"repeat","background-position":"center center","background-size":"auto","background-attachment":"scroll","background-type":"","background-media":"","overlay-type":"","overlay-color":"","overlay-gradient":""},"mobile":{"background-color":"","background-image":"","background-repeat":"repeat","background-position":"center center","background-size":"auto","background-attachment":"scroll","background-type":"","background-media":"","overlay-type":"","overlay-color":"","overlay-gradient":""}},"ast-content-background-meta":{"desktop":{"background-color":"var(--ast-global-color-5)","background-image":"","background-repeat":"repeat","background-position":"center center","background-size":"auto","background-attachment":"scroll","background-type":"","background-media":"","overlay-type":"","overlay-color":"","overlay-gradient":""},"tablet":{"background-color":"var(--ast-global-color-5)","background-image":"","background-repeat":"repeat","background-position":"center center","background-size":"auto","background-attachment":"scroll","background-type":"","background-media":"","overlay-type":"","overlay-color":"","overlay-gradient":""},"mobile":{"background-color":"var(--ast-global-color-5)","background-image":"","background-repeat":"repeat","background-position":"center center","background-size":"auto","background-attachment":"scroll","background-type":"","background-media":"","overlay-type":"","overlay-color":"","overlay-gradient":""}},"_themeisle_gutenberg_block_has_review":false,"footnotes":""},"class_list":["post-818","page","type-page","status-publish","hentry"],"yoast_head":"<!-- This site is optimized with the Yoast SEO plugin v27.4 - https:\/\/yoast.com\/product\/yoast-seo-wordpress\/ -->\n<title>Ministerio de Hombres - Cristo Church<\/title>\n<meta name=\"robots\" content=\"index, follow, max-snippet:-1, max-image-preview:large, max-video-preview:-1\" \/>\n<link rel=\"canonical\" href=\"https:\/\/cristochurchnona.org\/es\/ministerio-de-hombres\/\" \/>\n<meta property=\"og:locale\" content=\"es_ES\" \/>\n<meta property=\"og:type\" content=\"article\" \/>\n<meta property=\"og:title\" content=\"Ministerio de Hombres - Cristo Church\" \/>\n<meta property=\"og:description\" content=\"MINISTERIO DE Hombres \u201cYo sigo el camino de todos en la tierra; esfu\u00e9rzate, y s\u00e9 hombre. \u201d 1 Reyes 2:2 El prop\u00f3sito principal que tenemos como hombres temerosos de Dios, es el de glorificar a Dios asumiendo nuestro rol ordenado por Dios de liderar y amar a nuestros hogares, nuestra iglesia y el mundo, siguiendo [&hellip;]\" \/>\n<meta property=\"og:url\" content=\"https:\/\/cristochurchnona.org\/es\/ministerio-de-hombres\/\" \/>\n<meta property=\"og:site_name\" content=\"Cristo Church\" \/>\n<meta property=\"article:modified_time\" content=\"2024-04-19T17:18:05+00:00\" \/>\n<meta property=\"og:image\" content=\"https:\/\/cristochurchnona.org\/wp-content\/uploads\/2023\/10\/cristo-church-hombres-3-1-1-767x1024.jpg\" \/>\n<meta name=\"twitter:card\" content=\"summary_large_image\" \/>\n<meta name=\"twitter:label1\" content=\"Tiempo de lectura\" \/>\n\t<meta name=\"twitter:data1\" content=\"2 minutos\" \/>\n<script type=\"application\/ld+json\" class=\"yoast-schema-graph\">{\"@context\":\"https:\\\/\\\/schema.org\",\"@graph\":[{\"@type\":\"WebPage\",\"@id\":\"https:\\\/\\\/cristochurchnona.org\\\/ministerio-de-hombres\\\/\",\"url\":\"https:\\\/\\\/cristochurchnona.org\\\/ministerio-de-hombres\\\/\",\"name\":\"Ministerio de Hombres - Cristo Church\",\"isPartOf\":{\"@id\":\"https:\\\/\\\/cristochurchnona.org\\\/#website\"},\"primaryImageOfPage\":{\"@id\":\"https:\\\/\\\/cristochurchnona.org\\\/ministerio-de-hombres\\\/#primaryimage\"},\"image\":{\"@id\":\"https:\\\/\\\/cristochurchnona.org\\\/ministerio-de-hombres\\\/#primaryimage\"},\"thumbnailUrl\":\"https:\\\/\\\/cristochurchnona.org\\\/wp-content\\\/uploads\\\/2023\\\/10\\\/cristo-church-hombres-3-1-1-767x1024.jpg\",\"datePublished\":\"2023-10-20T22:22:25+00:00\",\"dateModified\":\"2024-04-19T17:18:05+00:00\",\"breadcrumb\":{\"@id\":\"https:\\\/\\\/cristochurchnona.org\\\/ministerio-de-hombres\\\/#breadcrumb\"},\"inLanguage\":\"es\",\"potentialAction\":[{\"@type\":\"ReadAction\",\"target\":[\"https:\\\/\\\/cristochurchnona.org\\\/ministerio-de-hombres\\\/\"]}]},{\"@type\":\"ImageObject\",\"inLanguage\":\"es\",\"@id\":\"https:\\\/\\\/cristochurchnona.org\\\/ministerio-de-hombres\\\/#primaryimage\",\"url\":\"https:\\\/\\\/cristochurchnona.org\\\/wp-content\\\/uploads\\\/2023\\\/10\\\/cristo-church-hombres-3-1-1-767x1024.jpg\",\"contentUrl\":\"https:\\\/\\\/cristochurchnona.org\\\/wp-content\\\/uploads\\\/2023\\\/10\\\/cristo-church-hombres-3-1-1-767x1024.jpg\"},{\"@type\":\"BreadcrumbList\",\"@id\":\"https:\\\/\\\/cristochurchnona.org\\\/ministerio-de-hombres\\\/#breadcrumb\",\"itemListElement\":[{\"@type\":\"ListItem\",\"position\":1,\"name\":\"Home\",\"item\":\"https:\\\/\\\/cristochurchnona.org\\\/\"},{\"@type\":\"ListItem\",\"position\":2,\"name\":\"Ministerio de Hombres\"}]},{\"@type\":\"WebSite\",\"@id\":\"https:\\\/\\\/cristochurchnona.org\\\/#website\",\"url\":\"https:\\\/\\\/cristochurchnona.org\\\/\",\"name\":\"Cristo Church\",\"description\":\"\",\"publisher\":{\"@id\":\"https:\\\/\\\/cristochurchnona.org\\\/#organization\"},\"potentialAction\":[{\"@type\":\"SearchAction\",\"target\":{\"@type\":\"EntryPoint\",\"urlTemplate\":\"https:\\\/\\\/cristochurchnona.org\\\/?s={search_term_string}\"},\"query-input\":{\"@type\":\"PropertyValueSpecification\",\"valueRequired\":true,\"valueName\":\"search_term_string\"}}],\"inLanguage\":\"es\"},{\"@type\":\"Organization\",\"@id\":\"https:\\\/\\\/cristochurchnona.org\\\/#organization\",\"name\":\"Cristo Church\",\"url\":\"https:\\\/\\\/cristochurchnona.org\\\/\",\"logo\":{\"@type\":\"ImageObject\",\"inLanguage\":\"es\",\"@id\":\"https:\\\/\\\/cristochurchnona.org\\\/#\\\/schema\\\/logo\\\/image\\\/\",\"url\":\"https:\\\/\\\/cristochurchnona.org\\\/wp-content\\\/uploads\\\/2023\\\/08\\\/LogoCristoChurch.png\",\"contentUrl\":\"https:\\\/\\\/cristochurchnona.org\\\/wp-content\\\/uploads\\\/2023\\\/08\\\/LogoCristoChurch.png\",\"width\":600,\"height\":228,\"caption\":\"Cristo Church\"},\"image\":{\"@id\":\"https:\\\/\\\/cristochurchnona.org\\\/#\\\/schema\\\/logo\\\/image\\\/\"}}]}<\/script>\n<!-- \/ Yoast SEO plugin. -->","yoast_head_json":{"title":"Ministerio de Hombres - Cristo Church","robots":{"index":"index","follow":"follow","max-snippet":"max-snippet:-1","max-image-preview":"max-image-preview:large","max-video-preview":"max-video-preview:-1"},"canonical":"https:\/\/cristochurchnona.org\/es\/ministerio-de-hombres\/","og_locale":"es_ES","og_type":"article","og_title":"Ministerio de Hombres - Cristo Church","og_description":"MINISTERIO DE Hombres \u201cYo sigo el camino de todos en la tierra; esfu\u00e9rzate, y s\u00e9 hombre. \u201d 1 Reyes 2:2 El prop\u00f3sito principal que tenemos como hombres temerosos de Dios, es el de glorificar a Dios asumiendo nuestro rol ordenado por Dios de liderar y amar a nuestros hogares, nuestra iglesia y el mundo, siguiendo [&hellip;]","og_url":"https:\/\/cristochurchnona.org\/es\/ministerio-de-hombres\/","og_site_name":"Cristo Church","article_modified_time":"2024-04-19T17:18:05+00:00","og_image":[{"url":"https:\/\/cristochurchnona.org\/wp-content\/uploads\/2023\/10\/cristo-church-hombres-3-1-1-767x1024.jpg","type":"","width":"","height":""}],"twitter_card":"summary_large_image","twitter_misc":{"Tiempo de lectura":"2 minutos"},"schema":{"@context":"https:\/\/schema.org","@graph":[{"@type":"WebPage","@id":"https:\/\/cristochurchnona.org\/ministerio-de-hombres\/","url":"https:\/\/cristochurchnona.org\/ministerio-de-hombres\/","name":"Ministerio de Hombres - Cristo Church","isPartOf":{"@id":"https:\/\/cristochurchnona.org\/#website"},"primaryImageOfPage":{"@id":"https:\/\/cristochurchnona.org\/ministerio-de-hombres\/#primaryimage"},"image":{"@id":"https:\/\/cristochurchnona.org\/ministerio-de-hombres\/#primaryimage"},"thumbnailUrl":"https:\/\/cristochurchnona.org\/wp-content\/uploads\/2023\/10\/cristo-church-hombres-3-1-1-767x1024.jpg","datePublished":"2023-10-20T22:22:25+00:00","dateModified":"2024-04-19T17:18:05+00:00","breadcrumb":{"@id":"https:\/\/cristochurchnona.org\/ministerio-de-hombres\/#breadcrumb"},"inLanguage":"es","potentialAction":[{"@type":"ReadAction","target":["https:\/\/cristochurchnona.org\/ministerio-de-hombres\/"]}]},{"@type":"ImageObject","inLanguage":"es","@id":"https:\/\/cristochurchnona.org\/ministerio-de-hombres\/#primaryimage","url":"https:\/\/cristochurchnona.org\/wp-content\/uploads\/2023\/10\/cristo-church-hombres-3-1-1-767x1024.jpg","contentUrl":"https:\/\/cristochurchnona.org\/wp-content\/uploads\/2023\/10\/cristo-church-hombres-3-1-1-767x1024.jpg"},{"@type":"BreadcrumbList","@id":"https:\/\/cristochurchnona.org\/ministerio-de-hombres\/#breadcrumb","itemListElement":[{"@type":"ListItem","position":1,"name":"Home","item":"https:\/\/cristochurchnona.org\/"},{"@type":"ListItem","position":2,"name":"Ministerio de Hombres"}]},{"@type":"WebSite","@id":"https:\/\/cristochurchnona.org\/#website","url":"https:\/\/cristochurchnona.org\/","name":"Cristo Church","description":"","publisher":{"@id":"https:\/\/cristochurchnona.org\/#organization"},"potentialAction":[{"@type":"SearchAction","target":{"@type":"EntryPoint","urlTemplate":"https:\/\/cristochurchnona.org\/?s={search_term_string}"},"query-input":{"@type":"PropertyValueSpecification","valueRequired":true,"valueName":"search_term_string"}}],"inLanguage":"es"},{"@type":"Organization","@id":"https:\/\/cristochurchnona.org\/#organization","name":"Cristo Church","url":"https:\/\/cristochurchnona.org\/","logo":{"@type":"ImageObject","inLanguage":"es","@id":"https:\/\/cristochurchnona.org\/#\/schema\/logo\/image\/","url":"https:\/\/cristochurchnona.org\/wp-content\/uploads\/2023\/08\/LogoCristoChurch.png","contentUrl":"https:\/\/cristochurchnona.org\/wp-content\/uploads\/2023\/08\/LogoCristoChurch.png","width":600,"height":228,"caption":"Cristo Church"},"image":{"@id":"https:\/\/cristochurchnona.org\/#\/schema\/logo\/image\/"}}]}},"jetpack_sharing_enabled":true,"_links":{"self":[{"href":"https:\/\/cristochurchnona.org\/es\/wp-json\/wp\/v2\/pages\/818","targetHints":{"allow":["GET"]}}],"collection":[{"href":"https:\/\/cristochurchnona.org\/es\/wp-json\/wp\/v2\/pages"}],"about":[{"href":"https:\/\/cristochurchnona.org\/es\/wp-json\/wp\/v2\/types\/page"}],"author":[{"embeddable":true,"href":"https:\/\/cristochurchnona.org\/es\/wp-json\/wp\/v2\/users\/3"}],"replies":[{"embeddable":true,"href":"https:\/\/cristochurchnona.org\/es\/wp-json\/wp\/v2\/comments?post=818"}],"version-history":[{"count":5,"href":"https:\/\/cristochurchnona.org\/es\/wp-json\/wp\/v2\/pages\/818\/revisions"}],"predecessor-version":[{"id":1295,"href":"https:\/\/cristochurchnona.org\/es\/wp-json\/wp\/v2\/pages\/818\/revisions\/1295"}],"wp:attachment":[{"href":"https:\/\/cristochurchnona.org\/es\/wp-json\/wp\/v2\/media?parent=818"}],"curies":[{"name":"wp","href":"https:\/\/api.w.org\/{rel}","templated":true}]}}