{"id":838,"date":"2023-10-20T17:19:19","date_gmt":"2023-10-20T22:19:19","guid":{"rendered":"https:\/\/cristochurchnona.org\/?page_id=838"},"modified":"2023-10-25T11:20:13","modified_gmt":"2023-10-25T16:20:13","slug":"ministerio-de-mujeres","status":"publish","type":"page","link":"https:\/\/cristochurchnona.org\/es\/ministerio-de-mujeres\/","title":{"rendered":"\u00a0Ministerio de Mujeres"},"content":{"rendered":"<div data-elementor-type=\"wp-page\" data-elementor-id=\"838\" class=\"elementor elementor-838\">\n\t\t\t\t\t\t<section class=\"elementor-section elementor-top-section elementor-element elementor-element-7654b20 elementor-section-height-min-height elementor-section-content-bottom elementor-section-items-bottom elementor-section-boxed elementor-section-height-default\" data-id=\"7654b20\" data-element_type=\"section\" data-e-type=\"section\" data-settings=\"{&quot;background_background&quot;:&quot;classic&quot;}\">\n\t\t\t\t\t\t\t<div class=\"elementor-background-overlay\"><\/div>\n\t\t\t\t\t\t\t<div class=\"elementor-container elementor-column-gap-no\">\n\t\t\t\t\t<div class=\"elementor-column elementor-col-100 elementor-top-column elementor-element elementor-element-84ecc6e\" data-id=\"84ecc6e\" data-element_type=\"column\" data-e-type=\"column\">\n\t\t\t<div class=\"elementor-widget-wrap elementor-element-populated\">\n\t\t\t\t\t\t<div class=\"elementor-element elementor-element-5a51642 elementor-widget elementor-widget-heading\" data-id=\"5a51642\" data-element_type=\"widget\" data-e-type=\"widget\" data-widget_type=\"heading.default\">\n\t\t\t\t<div class=\"elementor-widget-container\">\n\t\t\t\t\t<h6 class=\"elementor-heading-title elementor-size-default\"> Ministerio de Mujeres<\/h6>\t\t\t\t<\/div>\n\t\t\t\t<\/div>\n\t\t\t\t<div class=\"elementor-element elementor-element-6b189d5 elementor-widget elementor-widget-heading\" data-id=\"6b189d5\" data-element_type=\"widget\" data-e-type=\"widget\" data-widget_type=\"heading.default\">\n\t\t\t\t<div class=\"elementor-widget-container\">\n\t\t\t\t\t<h1 class=\"elementor-heading-title elementor-size-default\">Mujeres<\/h1>\t\t\t\t<\/div>\n\t\t\t\t<\/div>\n\t\t\t\t\t<\/div>\n\t\t<\/div>\n\t\t\t\t\t<\/div>\n\t\t<\/section>\n\t\t\t\t<section class=\"elementor-section elementor-top-section elementor-element elementor-element-add0515 elementor-section-boxed elementor-section-height-default elementor-section-height-default\" data-id=\"add0515\" data-element_type=\"section\" data-e-type=\"section\" data-settings=\"{&quot;background_background&quot;:&quot;classic&quot;}\">\n\t\t\t\t\t\t\t<div class=\"elementor-background-overlay\"><\/div>\n\t\t\t\t\t\t\t<div class=\"elementor-container elementor-column-gap-no\">\n\t\t\t\t\t<div class=\"elementor-column elementor-col-100 elementor-top-column elementor-element elementor-element-2a09f1b\" data-id=\"2a09f1b\" data-element_type=\"column\" data-e-type=\"column\">\n\t\t\t<div class=\"elementor-widget-wrap elementor-element-populated\">\n\t\t\t\t\t\t<div class=\"elementor-element elementor-element-fc89d7c elementor-widget elementor-widget-heading\" data-id=\"fc89d7c\" data-element_type=\"widget\" data-e-type=\"widget\" data-widget_type=\"heading.default\">\n\t\t\t\t<div class=\"elementor-widget-container\">\n\t\t\t\t\t<h3 class=\"elementor-heading-title elementor-size-default\">\u201cEnga\u00f1osa es la gracia, y vana la hermosura;<br>\nLa mujer que teme a Jehov\u00e1, esa ser\u00e1 alabada.\u201d<br>\nProverbios 31:30\n<\/h3>\t\t\t\t<\/div>\n\t\t\t\t<\/div>\n\t\t\t\t<div class=\"elementor-element elementor-element-9410008 elementor-widget-divider--view-line elementor-widget elementor-widget-divider\" data-id=\"9410008\" data-element_type=\"widget\" data-e-type=\"widget\" data-widget_type=\"divider.default\">\n\t\t\t\t<div class=\"elementor-widget-container\">\n\t\t\t\t\t\t\t<div class=\"elementor-divider\">\n\t\t\t<span class=\"elementor-divider-separator\">\n\t\t\t\t\t\t<\/span>\n\t\t<\/div>\n\t\t\t\t\t\t<\/div>\n\t\t\t\t<\/div>\n\t\t\t\t<section class=\"elementor-section elementor-inner-section elementor-element elementor-element-22aafbd elementor-section-boxed elementor-section-height-default elementor-section-height-default\" data-id=\"22aafbd\" data-element_type=\"section\" data-e-type=\"section\">\n\t\t\t\t\t\t<div class=\"elementor-container elementor-column-gap-no\">\n\t\t\t\t\t<div class=\"elementor-column elementor-col-50 elementor-inner-column elementor-element elementor-element-cf50e0e\" data-id=\"cf50e0e\" data-element_type=\"column\" data-e-type=\"column\">\n\t\t\t<div class=\"elementor-widget-wrap elementor-element-populated\">\n\t\t\t\t\t\t<div class=\"elementor-element elementor-element-7647504 elementor-widget elementor-widget-image\" data-id=\"7647504\" data-element_type=\"widget\" data-e-type=\"widget\" data-widget_type=\"image.default\">\n\t\t\t\t<div class=\"elementor-widget-container\">\n\t\t\t\t\t\t\t\t\t\t\t\t\t\t\t<img fetchpriority=\"high\" decoding=\"async\" width=\"720\" height=\"483\" src=\"https:\/\/cristochurchnona.org\/wp-content\/uploads\/2023\/10\/cristo-church2.png\" class=\"attachment-large size-large wp-image-1174\" alt=\"\" srcset=\"https:\/\/cristochurchnona.org\/wp-content\/uploads\/2023\/10\/cristo-church2.png 720w, https:\/\/cristochurchnona.org\/wp-content\/uploads\/2023\/10\/cristo-church2-300x201.png 300w, https:\/\/cristochurchnona.org\/wp-content\/uploads\/2023\/10\/cristo-church2-18x12.png 18w\" sizes=\"(max-width: 720px) 100vw, 720px\" \/>\t\t\t\t\t\t\t\t\t\t\t\t\t\t\t<\/div>\n\t\t\t\t<\/div>\n\t\t\t\t\t<\/div>\n\t\t<\/div>\n\t\t\t\t<div class=\"elementor-column elementor-col-50 elementor-inner-column elementor-element elementor-element-9ba22c9\" data-id=\"9ba22c9\" data-element_type=\"column\" data-e-type=\"column\">\n\t\t\t<div class=\"elementor-widget-wrap elementor-element-populated\">\n\t\t\t\t\t\t<div class=\"elementor-element elementor-element-550a74e elementor-widget elementor-widget-text-editor\" data-id=\"550a74e\" data-element_type=\"widget\" data-e-type=\"widget\" data-widget_type=\"text-editor.default\">\n\t\t\t\t<div class=\"elementor-widget-container\">\n\t\t\t\t\t\t\t\t\t<p>Como mujeres temerosas de Dios, tenemos el profundo anhelo de vivir vidas conforme a los valores del Reino de los Cielos, que le traigan gloria a Dios. Creemos que la plenitud y libertad en Cristo la encontramos cuando abrazamos el dise\u00f1o perfecto de Dios para nosotras, como hijas de Dios y como mujeres.<\/p><p><strong>Un viernes cada mes, nos reunimos en casas para tener tiempos de compartir, de estudiar de la Palabra, de abrir nuestros corazones y de orar unas por otras.\u00a0<\/strong><\/p><p>Estos son tiempos cargados de bendiciones espirituales para fortalecernos en nuestros caminar en Cristo y animarnos a vivir de manera piadosa en cada uno de nuestros roles.\u00a0<\/p>\t\t\t\t\t\t\t\t<\/div>\n\t\t\t\t<\/div>\n\t\t\t\t<div class=\"elementor-element elementor-element-9b9a42b elementor-widget elementor-widget-button\" data-id=\"9b9a42b\" data-element_type=\"widget\" data-e-type=\"widget\" data-widget_type=\"button.default\">\n\t\t\t\t<div class=\"elementor-widget-container\">\n\t\t\t\t\t\t\t\t\t<div class=\"elementor-button-wrapper\">\n\t\t\t\t\t<a class=\"elementor-button elementor-button-link elementor-size-sm\" href=\"https:\/\/cristochurchnona.org\/es\/CONTACT\/\">\n\t\t\t\t\t\t<span class=\"elementor-button-content-wrapper\">\n\t\t\t\t\t\t\t\t\t<span class=\"elementor-button-text\">VIS\u00cdTANOS<\/span>\n\t\t\t\t\t<\/span>\n\t\t\t\t\t<\/a>\n\t\t\t\t<\/div>\n\t\t\t\t\t\t\t\t<\/div>\n\t\t\t\t<\/div>\n\t\t\t\t\t<\/div>\n\t\t<\/div>\n\t\t\t\t\t<\/div>\n\t\t<\/section>\n\t\t\t\t\t<\/div>\n\t\t<\/div>\n\t\t\t\t\t<\/div>\n\t\t<\/section>\n\t\t\t\t<section class=\"elementor-section elementor-top-section elementor-element elementor-element-2ab0110 elementor-section-height-min-height elementor-section-boxed elementor-section-height-default elementor-section-items-middle\" data-id=\"2ab0110\" data-element_type=\"section\" data-e-type=\"section\" data-settings=\"{&quot;background_background&quot;:&quot;classic&quot;}\">\n\t\t\t\t\t\t\t<div class=\"elementor-background-overlay\"><\/div>\n\t\t\t\t\t\t\t<div class=\"elementor-container elementor-column-gap-no\">\n\t\t\t\t\t<div class=\"elementor-column elementor-col-100 elementor-top-column elementor-element elementor-element-2a62bc4\" data-id=\"2a62bc4\" data-element_type=\"column\" data-e-type=\"column\" data-settings=\"{&quot;background_background&quot;:&quot;classic&quot;}\">\n\t\t\t<div class=\"elementor-widget-wrap elementor-element-populated\">\n\t\t\t\t\t\t<div class=\"elementor-element elementor-element-95dfbba elementor-widget elementor-widget-heading\" data-id=\"95dfbba\" data-element_type=\"widget\" data-e-type=\"widget\" data-widget_type=\"heading.default\">\n\t\t\t\t<div class=\"elementor-widget-container\">\n\t\t\t\t\t<h3 class=\"elementor-heading-title elementor-size-default\">\u201cVuestro atav\u00edo no sea el externo de peinados ostentosos, de adornos de oro o de vestidos lujosos, sino el interno, el del coraz\u00f3n, en el incorruptible ornato de un esp\u00edritu afable y apacible, que es de grande estima delante de Dios\u201d \n<\/h3>\t\t\t\t<\/div>\n\t\t\t\t<\/div>\n\t\t\t\t<div class=\"elementor-element elementor-element-c66c01b elementor-widget elementor-widget-heading\" data-id=\"c66c01b\" data-element_type=\"widget\" data-e-type=\"widget\" data-widget_type=\"heading.default\">\n\t\t\t\t<div class=\"elementor-widget-container\">\n\t\t\t\t\t<h5 class=\"elementor-heading-title elementor-size-default\">1 Pedro 3:3-4<\/h5>\t\t\t\t<\/div>\n\t\t\t\t<\/div>\n\t\t\t\t<div class=\"elementor-element elementor-element-a987502 elementor-widget-divider--view-line elementor-widget elementor-widget-divider\" data-id=\"a987502\" data-element_type=\"widget\" data-e-type=\"widget\" data-widget_type=\"divider.default\">\n\t\t\t\t<div class=\"elementor-widget-container\">\n\t\t\t\t\t\t\t<div class=\"elementor-divider\">\n\t\t\t<span class=\"elementor-divider-separator\">\n\t\t\t\t\t\t<\/span>\n\t\t<\/div>\n\t\t\t\t\t\t<\/div>\n\t\t\t\t<\/div>\n\t\t\t\t\t<\/div>\n\t\t<\/div>\n\t\t\t\t\t<\/div>\n\t\t<\/section>\n\t\t\t\t<\/div>","protected":false},"excerpt":{"rendered":"<p>Ministerio de Mujeres Mujeres \u201cEnga\u00f1osa es la gracia, y vana la hermosura; La mujer que teme a Jehov\u00e1, esa ser\u00e1 alabada.\u201d Proverbios 31:30 Como mujeres temerosas de Dios, tenemos el profundo anhelo de vivir vidas conforme a los valores del Reino de los Cielos, que le traigan gloria a Dios. Creemos que la plenitud y [&hellip;]<\/p>\n","protected":false},"author":3,"featured_media":0,"parent":0,"menu_order":0,"comment_status":"closed","ping_status":"closed","template":"","meta":{"inline_featured_image":false,"site-sidebar-layout":"no-sidebar","site-content-layout":"page-builder","ast-site-content-layout":"full-width-container","site-content-style":"unboxed","site-sidebar-style":"unboxed","ast-global-header-display":"","ast-banner-title-visibility":"","ast-main-header-display":"","ast-hfb-above-header-display":"","ast-hfb-below-header-display":"","ast-hfb-mobile-header-display":"","site-post-title":"disabled","ast-breadcrumbs-content":"disabled","ast-featured-img":"disabled","footer-sml-layout":"","theme-transparent-header-meta":"enabled","adv-header-id-meta":"","stick-header-meta":"","header-above-stick-meta":"","header-main-stick-meta":"","header-below-stick-meta":"","astra-migrate-meta-layouts":"set","ast-page-background-enabled":"default","ast-page-background-meta":{"desktop":{"background-color":"","background-image":"","background-repeat":"repeat","background-position":"center center","background-size":"auto","background-attachment":"scroll","background-type":"","background-media":"","overlay-type":"","overlay-color":"","overlay-gradient":""},"tablet":{"background-color":"","background-image":"","background-repeat":"repeat","background-position":"center center","background-size":"auto","background-attachment":"scroll","background-type":"","background-media":"","overlay-type":"","overlay-color":"","overlay-gradient":""},"mobile":{"background-color":"","background-image":"","background-repeat":"repeat","background-position":"center center","background-size":"auto","background-attachment":"scroll","background-type":"","background-media":"","overlay-type":"","overlay-color":"","overlay-gradient":""}},"ast-content-background-meta":{"desktop":{"background-color":"var(--ast-global-color-5)","background-image":"","background-repeat":"repeat","background-position":"center center","background-size":"auto","background-attachment":"scroll","background-type":"","background-media":"","overlay-type":"","overlay-color":"","overlay-gradient":""},"tablet":{"background-color":"var(--ast-global-color-5)","background-image":"","background-repeat":"repeat","background-position":"center center","background-size":"auto","background-attachment":"scroll","background-type":"","background-media":"","overlay-type":"","overlay-color":"","overlay-gradient":""},"mobile":{"background-color":"var(--ast-global-color-5)","background-image":"","background-repeat":"repeat","background-position":"center center","background-size":"auto","background-attachment":"scroll","background-type":"","background-media":"","overlay-type":"","overlay-color":"","overlay-gradient":""}},"_themeisle_gutenberg_block_has_review":false,"footnotes":""},"class_list":["post-838","page","type-page","status-publish","hentry"],"yoast_head":"<!-- This site is optimized with the Yoast SEO plugin v27.4 - https:\/\/yoast.com\/product\/yoast-seo-wordpress\/ -->\n<title>\u00a0Ministerio de Mujeres - Cristo Church<\/title>\n<meta name=\"robots\" content=\"index, follow, max-snippet:-1, max-image-preview:large, max-video-preview:-1\" \/>\n<link rel=\"canonical\" href=\"https:\/\/cristochurchnona.org\/es\/ministerio-de-mujeres\/\" \/>\n<meta property=\"og:locale\" content=\"es_ES\" \/>\n<meta property=\"og:type\" content=\"article\" \/>\n<meta property=\"og:title\" content=\"\u00a0Ministerio de Mujeres - Cristo Church\" \/>\n<meta property=\"og:description\" content=\"Ministerio de Mujeres Mujeres \u201cEnga\u00f1osa es la gracia, y vana la hermosura; La mujer que teme a Jehov\u00e1, esa ser\u00e1 alabada.\u201d Proverbios 31:30 Como mujeres temerosas de Dios, tenemos el profundo anhelo de vivir vidas conforme a los valores del Reino de los Cielos, que le traigan gloria a Dios. Creemos que la plenitud y [&hellip;]\" \/>\n<meta property=\"og:url\" content=\"https:\/\/cristochurchnona.org\/es\/ministerio-de-mujeres\/\" \/>\n<meta property=\"og:site_name\" content=\"Cristo Church\" \/>\n<meta property=\"article:modified_time\" content=\"2023-10-25T16:20:13+00:00\" \/>\n<meta property=\"og:image\" content=\"https:\/\/cristochurchnona.org\/wp-content\/uploads\/2023\/10\/cristo-church2.png\" \/>\n<meta name=\"twitter:card\" content=\"summary_large_image\" \/>\n<meta name=\"twitter:label1\" content=\"Tiempo de lectura\" \/>\n\t<meta name=\"twitter:data1\" content=\"1 minuto\" \/>\n<script type=\"application\/ld+json\" class=\"yoast-schema-graph\">{\"@context\":\"https:\\\/\\\/schema.org\",\"@graph\":[{\"@type\":\"WebPage\",\"@id\":\"https:\\\/\\\/cristochurchnona.org\\\/ministerio-de-mujeres\\\/\",\"url\":\"https:\\\/\\\/cristochurchnona.org\\\/ministerio-de-mujeres\\\/\",\"name\":\"\u00a0Ministerio de Mujeres - Cristo Church\",\"isPartOf\":{\"@id\":\"https:\\\/\\\/cristochurchnona.org\\\/#website\"},\"primaryImageOfPage\":{\"@id\":\"https:\\\/\\\/cristochurchnona.org\\\/ministerio-de-mujeres\\\/#primaryimage\"},\"image\":{\"@id\":\"https:\\\/\\\/cristochurchnona.org\\\/ministerio-de-mujeres\\\/#primaryimage\"},\"thumbnailUrl\":\"https:\\\/\\\/cristochurchnona.org\\\/wp-content\\\/uploads\\\/2023\\\/10\\\/cristo-church2.png\",\"datePublished\":\"2023-10-20T22:19:19+00:00\",\"dateModified\":\"2023-10-25T16:20:13+00:00\",\"breadcrumb\":{\"@id\":\"https:\\\/\\\/cristochurchnona.org\\\/ministerio-de-mujeres\\\/#breadcrumb\"},\"inLanguage\":\"es\",\"potentialAction\":[{\"@type\":\"ReadAction\",\"target\":[\"https:\\\/\\\/cristochurchnona.org\\\/ministerio-de-mujeres\\\/\"]}]},{\"@type\":\"ImageObject\",\"inLanguage\":\"es\",\"@id\":\"https:\\\/\\\/cristochurchnona.org\\\/ministerio-de-mujeres\\\/#primaryimage\",\"url\":\"https:\\\/\\\/cristochurchnona.org\\\/wp-content\\\/uploads\\\/2023\\\/10\\\/cristo-church2.png\",\"contentUrl\":\"https:\\\/\\\/cristochurchnona.org\\\/wp-content\\\/uploads\\\/2023\\\/10\\\/cristo-church2.png\"},{\"@type\":\"BreadcrumbList\",\"@id\":\"https:\\\/\\\/cristochurchnona.org\\\/ministerio-de-mujeres\\\/#breadcrumb\",\"itemListElement\":[{\"@type\":\"ListItem\",\"position\":1,\"name\":\"Home\",\"item\":\"https:\\\/\\\/cristochurchnona.org\\\/\"},{\"@type\":\"ListItem\",\"position\":2,\"name\":\"\u00a0Ministerio de Mujeres\"}]},{\"@type\":\"WebSite\",\"@id\":\"https:\\\/\\\/cristochurchnona.org\\\/#website\",\"url\":\"https:\\\/\\\/cristochurchnona.org\\\/\",\"name\":\"Cristo Church\",\"description\":\"\",\"publisher\":{\"@id\":\"https:\\\/\\\/cristochurchnona.org\\\/#organization\"},\"potentialAction\":[{\"@type\":\"SearchAction\",\"target\":{\"@type\":\"EntryPoint\",\"urlTemplate\":\"https:\\\/\\\/cristochurchnona.org\\\/?s={search_term_string}\"},\"query-input\":{\"@type\":\"PropertyValueSpecification\",\"valueRequired\":true,\"valueName\":\"search_term_string\"}}],\"inLanguage\":\"es\"},{\"@type\":\"Organization\",\"@id\":\"https:\\\/\\\/cristochurchnona.org\\\/#organization\",\"name\":\"Cristo Church\",\"url\":\"https:\\\/\\\/cristochurchnona.org\\\/\",\"logo\":{\"@type\":\"ImageObject\",\"inLanguage\":\"es\",\"@id\":\"https:\\\/\\\/cristochurchnona.org\\\/#\\\/schema\\\/logo\\\/image\\\/\",\"url\":\"https:\\\/\\\/cristochurchnona.org\\\/wp-content\\\/uploads\\\/2023\\\/08\\\/LogoCristoChurch.png\",\"contentUrl\":\"https:\\\/\\\/cristochurchnona.org\\\/wp-content\\\/uploads\\\/2023\\\/08\\\/LogoCristoChurch.png\",\"width\":600,\"height\":228,\"caption\":\"Cristo Church\"},\"image\":{\"@id\":\"https:\\\/\\\/cristochurchnona.org\\\/#\\\/schema\\\/logo\\\/image\\\/\"}}]}<\/script>\n<!-- \/ Yoast SEO plugin. -->","yoast_head_json":{"title":"\u00a0Ministerio de Mujeres - Cristo Church","robots":{"index":"index","follow":"follow","max-snippet":"max-snippet:-1","max-image-preview":"max-image-preview:large","max-video-preview":"max-video-preview:-1"},"canonical":"https:\/\/cristochurchnona.org\/es\/ministerio-de-mujeres\/","og_locale":"es_ES","og_type":"article","og_title":"\u00a0Ministerio de Mujeres - Cristo Church","og_description":"Ministerio de Mujeres Mujeres \u201cEnga\u00f1osa es la gracia, y vana la hermosura; La mujer que teme a Jehov\u00e1, esa ser\u00e1 alabada.\u201d Proverbios 31:30 Como mujeres temerosas de Dios, tenemos el profundo anhelo de vivir vidas conforme a los valores del Reino de los Cielos, que le traigan gloria a Dios. Creemos que la plenitud y [&hellip;]","og_url":"https:\/\/cristochurchnona.org\/es\/ministerio-de-mujeres\/","og_site_name":"Cristo Church","article_modified_time":"2023-10-25T16:20:13+00:00","og_image":[{"url":"https:\/\/cristochurchnona.org\/wp-content\/uploads\/2023\/10\/cristo-church2.png","type":"","width":"","height":""}],"twitter_card":"summary_large_image","twitter_misc":{"Tiempo de lectura":"1 minuto"},"schema":{"@context":"https:\/\/schema.org","@graph":[{"@type":"WebPage","@id":"https:\/\/cristochurchnona.org\/ministerio-de-mujeres\/","url":"https:\/\/cristochurchnona.org\/ministerio-de-mujeres\/","name":"\u00a0Ministerio de Mujeres - Cristo Church","isPartOf":{"@id":"https:\/\/cristochurchnona.org\/#website"},"primaryImageOfPage":{"@id":"https:\/\/cristochurchnona.org\/ministerio-de-mujeres\/#primaryimage"},"image":{"@id":"https:\/\/cristochurchnona.org\/ministerio-de-mujeres\/#primaryimage"},"thumbnailUrl":"https:\/\/cristochurchnona.org\/wp-content\/uploads\/2023\/10\/cristo-church2.png","datePublished":"2023-10-20T22:19:19+00:00","dateModified":"2023-10-25T16:20:13+00:00","breadcrumb":{"@id":"https:\/\/cristochurchnona.org\/ministerio-de-mujeres\/#breadcrumb"},"inLanguage":"es","potentialAction":[{"@type":"ReadAction","target":["https:\/\/cristochurchnona.org\/ministerio-de-mujeres\/"]}]},{"@type":"ImageObject","inLanguage":"es","@id":"https:\/\/cristochurchnona.org\/ministerio-de-mujeres\/#primaryimage","url":"https:\/\/cristochurchnona.org\/wp-content\/uploads\/2023\/10\/cristo-church2.png","contentUrl":"https:\/\/cristochurchnona.org\/wp-content\/uploads\/2023\/10\/cristo-church2.png"},{"@type":"BreadcrumbList","@id":"https:\/\/cristochurchnona.org\/ministerio-de-mujeres\/#breadcrumb","itemListElement":[{"@type":"ListItem","position":1,"name":"Home","item":"https:\/\/cristochurchnona.org\/"},{"@type":"ListItem","position":2,"name":"\u00a0Ministerio de Mujeres"}]},{"@type":"WebSite","@id":"https:\/\/cristochurchnona.org\/#website","url":"https:\/\/cristochurchnona.org\/","name":"Cristo Church","description":"","publisher":{"@id":"https:\/\/cristochurchnona.org\/#organization"},"potentialAction":[{"@type":"SearchAction","target":{"@type":"EntryPoint","urlTemplate":"https:\/\/cristochurchnona.org\/?s={search_term_string}"},"query-input":{"@type":"PropertyValueSpecification","valueRequired":true,"valueName":"search_term_string"}}],"inLanguage":"es"},{"@type":"Organization","@id":"https:\/\/cristochurchnona.org\/#organization","name":"Cristo Church","url":"https:\/\/cristochurchnona.org\/","logo":{"@type":"ImageObject","inLanguage":"es","@id":"https:\/\/cristochurchnona.org\/#\/schema\/logo\/image\/","url":"https:\/\/cristochurchnona.org\/wp-content\/uploads\/2023\/08\/LogoCristoChurch.png","contentUrl":"https:\/\/cristochurchnona.org\/wp-content\/uploads\/2023\/08\/LogoCristoChurch.png","width":600,"height":228,"caption":"Cristo Church"},"image":{"@id":"https:\/\/cristochurchnona.org\/#\/schema\/logo\/image\/"}}]}},"jetpack_sharing_enabled":true,"_links":{"self":[{"href":"https:\/\/cristochurchnona.org\/es\/wp-json\/wp\/v2\/pages\/838","targetHints":{"allow":["GET"]}}],"collection":[{"href":"https:\/\/cristochurchnona.org\/es\/wp-json\/wp\/v2\/pages"}],"about":[{"href":"https:\/\/cristochurchnona.org\/es\/wp-json\/wp\/v2\/types\/page"}],"author":[{"embeddable":true,"href":"https:\/\/cristochurchnona.org\/es\/wp-json\/wp\/v2\/users\/3"}],"replies":[{"embeddable":true,"href":"https:\/\/cristochurchnona.org\/es\/wp-json\/wp\/v2\/comments?post=838"}],"version-history":[{"count":6,"href":"https:\/\/cristochurchnona.org\/es\/wp-json\/wp\/v2\/pages\/838\/revisions"}],"predecessor-version":[{"id":1404,"href":"https:\/\/cristochurchnona.org\/es\/wp-json\/wp\/v2\/pages\/838\/revisions\/1404"}],"wp:attachment":[{"href":"https:\/\/cristochurchnona.org\/es\/wp-json\/wp\/v2\/media?parent=838"}],"curies":[{"name":"wp","href":"https:\/\/api.w.org\/{rel}","templated":true}]}}